{"id":12,"date":"2022-03-17T17:32:50","date_gmt":"2022-03-17T17:32:50","guid":{"rendered":"https:\/\/www.montanasurf.org\/?page_id=12"},"modified":"2025-07-16T11:57:04","modified_gmt":"2025-07-16T17:57:04","slug":"about-us","status":"publish","type":"page","link":"https:\/\/montanasurf.org\/es\/about-us\/","title":{"rendered":"Sobre nosotros"},"content":{"rendered":"<p><div class=\"fusion-fullwidth fullwidth-box fusion-builder-row-1 fusion-flex-container nonhundred-percent-fullwidth non-hundred-percent-height-scrolling\" style=\"--awb-border-radius-top-left:0px;--awb-border-radius-top-right:0px;--awb-border-radius-bottom-right:0px;--awb-border-radius-bottom-left:0px;--awb-flex-wrap:wrap;\" ><div class=\"fusion-builder-row fusion-row fusion-flex-align-items-flex-start fusion-flex-content-wrap\" style=\"max-width:1216.8px;margin-left: calc(-4% \/ 2 );margin-right: calc(-4% \/ 2 );\"><div class=\"fusion-layout-column fusion_builder_column fusion-builder-column-0 fusion_builder_column_1_1 1_1 fusion-flex-column\" style=\"--awb-bg-size:cover;--awb-width-large:100%;--awb-margin-top-large:0px;--awb-spacing-right-large:1.92%;--awb-margin-bottom-large:20px;--awb-spacing-left-large:1.92%;--awb-width-medium:100%;--awb-order-medium:0;--awb-spacing-right-medium:1.92%;--awb-spacing-left-medium:1.92%;--awb-width-small:100%;--awb-order-small:0;--awb-spacing-right-small:1.92%;--awb-spacing-left-small:1.92%;\"><div class=\"fusion-column-wrapper fusion-column-has-shadow fusion-flex-justify-content-flex-start fusion-content-layout-column\"><div class=\"fusion-text fusion-text-1\" style=\"--awb-text-transform:none;\"><p>Montana Surf\/Blitzz FC has been kicking grass in the Gallatin Valley for 40<span class=\"il\">\u00a0<\/span><span class=\"il\">a\u00f1os<\/span> y <span class=\"il\">contando. Durante nuestra larga historia en Gallatin Valley, nos hemos centrado en ense\u00f1ar habilidades para la vida en el contexto del deporte, fortaleciendo a nuestra comunidad local, un atleta a la vez. Somos la organizaci\u00f3n deportiva juvenil m\u00e1s grande de Bozeman con m\u00e1s de 1200 atletas de 4 a 19 a\u00f1os que participan en nuestros programas de f\u00fatbol competitivo y recreativo. Es nuestra misi\u00f3n <\/span>provide \u201cbest of the best\u201d soccer experiences and opportunities for youth athletes throughout the Gallatin Valley by providing programs, events, and facilities that foster positivity, sportsmanship, resilience and inclusiveness. We are frequently recognized by the community for the quality of our programs; here are a few highlights:<\/p>\n<\/div><\/div><\/div><\/div><\/div><div class=\"fusion-fullwidth fullwidth-box fusion-builder-row-2 fusion-flex-container nonhundred-percent-fullwidth non-hundred-percent-height-scrolling\" style=\"--awb-border-radius-top-left:0px;--awb-border-radius-top-right:0px;--awb-border-radius-bottom-right:0px;--awb-border-radius-bottom-left:0px;--awb-flex-wrap:wrap;\" ><div class=\"fusion-builder-row fusion-row fusion-flex-align-items-flex-start fusion-flex-content-wrap\" style=\"max-width:1216.8px;margin-left: calc(-4% \/ 2 );margin-right: calc(-4% \/ 2 );\"><div class=\"fusion-layout-column fusion_builder_column fusion-builder-column-1 fusion_builder_column_1_4 1_4 fusion-flex-column\" style=\"--awb-bg-size:cover;--awb-width-large:25%;--awb-margin-top-large:0px;--awb-spacing-right-large:7.68%;--awb-margin-bottom-large:20px;--awb-spacing-left-large:7.68%;--awb-width-medium:100%;--awb-order-medium:0;--awb-spacing-right-medium:1.92%;--awb-spacing-left-medium:1.92%;--awb-width-small:100%;--awb-order-small:0;--awb-spacing-right-small:1.92%;--awb-spacing-left-small:1.92%;\"><div class=\"fusion-column-wrapper fusion-column-has-shadow fusion-flex-justify-content-flex-start fusion-content-layout-column\"><div class=\"fusion-image-element\" style=\"--awb-caption-title-font-family:var(--h2_typography-font-family);--awb-caption-title-font-weight:var(--h2_typography-font-weight);--awb-caption-title-font-style:var(--h2_typography-font-style);--awb-caption-title-size:var(--h2_typography-font-size);--awb-caption-title-transform:var(--h2_typography-text-transform);--awb-caption-title-line-height:var(--h2_typography-line-height);--awb-caption-title-letter-spacing:var(--h2_typography-letter-spacing);\"><span class=\"fusion-imageframe imageframe-none imageframe-1 hover-type-none\"><img decoding=\"async\" width=\"1163\" height=\"1000\" title=\"USYS_SC_Montana_TM_2022_4C_WBG\" src=\"https:\/\/montanasurf.org\/wp-content\/uploads\/2022\/05\/USYS_SC_Montana_TM_2022_4C_WBG.png\" data-orig-src=\"https:\/\/www.montanasurf.org\/wp-content\/uploads\/2022\/05\/USYS_SC_Montana_TM_2022_4C_WBG.png\" alt class=\"lazyload img-responsive wp-image-6012\" srcset=\"data:image\/svg+xml,%3Csvg%20xmlns%3D%27http%3A%2F%2Fwww.w3.org%2F2000%2Fsvg%27%20width%3D%271163%27%20height%3D%271000%27%20viewBox%3D%270%200%201163%201000%27%3E%3Crect%20width%3D%271163%27%20height%3D%271000%27%20fill-opacity%3D%220%22%2F%3E%3C%2Fsvg%3E\" data-srcset=\"https:\/\/montanasurf.org\/wp-content\/uploads\/2022\/05\/USYS_SC_Montana_TM_2022_4C_WBG-200x172.png 200w, https:\/\/montanasurf.org\/wp-content\/uploads\/2022\/05\/USYS_SC_Montana_TM_2022_4C_WBG-400x344.png 400w, https:\/\/montanasurf.org\/wp-content\/uploads\/2022\/05\/USYS_SC_Montana_TM_2022_4C_WBG-600x516.png 600w, https:\/\/montanasurf.org\/wp-content\/uploads\/2022\/05\/USYS_SC_Montana_TM_2022_4C_WBG-800x688.png 800w, https:\/\/montanasurf.org\/wp-content\/uploads\/2022\/05\/USYS_SC_Montana_TM_2022_4C_WBG.png 1163w\" data-sizes=\"auto\" data-orig-sizes=\"(max-width: 1024px) 100vw, (max-width: 600px) 100vw, 400px\" \/><\/span><\/div><div class=\"fusion-text fusion-text-2\"><p>Montana Surf tuvo el mejor resultado general del estado en 2022 con 3 equipos campeones estatales y 3 subcampeones.<\/p>\n<\/div><\/div><\/div><div class=\"fusion-layout-column fusion_builder_column fusion-builder-column-2 fusion_builder_column_1_4 1_4 fusion-flex-column\" style=\"--awb-bg-size:cover;--awb-width-large:25%;--awb-margin-top-large:0px;--awb-spacing-right-large:7.68%;--awb-margin-bottom-large:20px;--awb-spacing-left-large:7.68%;--awb-width-medium:100%;--awb-order-medium:0;--awb-spacing-right-medium:1.92%;--awb-spacing-left-medium:1.92%;--awb-width-small:100%;--awb-order-small:0;--awb-spacing-right-small:1.92%;--awb-spacing-left-small:1.92%;\"><div class=\"fusion-column-wrapper fusion-column-has-shadow fusion-flex-justify-content-flex-start fusion-content-layout-column\"><div class=\"fusion-image-element\" style=\"--awb-caption-title-font-family:var(--h2_typography-font-family);--awb-caption-title-font-weight:var(--h2_typography-font-weight);--awb-caption-title-font-style:var(--h2_typography-font-style);--awb-caption-title-size:var(--h2_typography-font-size);--awb-caption-title-transform:var(--h2_typography-text-transform);--awb-caption-title-line-height:var(--h2_typography-line-height);--awb-caption-title-letter-spacing:var(--h2_typography-letter-spacing);\"><span class=\"fusion-imageframe imageframe-none imageframe-2 hover-type-none\"><img decoding=\"async\" width=\"917\" height=\"917\" title=\"bozemans_choice_logo_badge_2025-1\" src=\"https:\/\/montanasurf.org\/wp-content\/uploads\/2025\/03\/bozemans_choice_logo_badge_2025-1.png\" data-orig-src=\"https:\/\/montanasurf.org\/wp-content\/uploads\/2025\/03\/bozemans_choice_logo_badge_2025-1.png\" alt class=\"lazyload img-responsive wp-image-9199\" srcset=\"data:image\/svg+xml,%3Csvg%20xmlns%3D%27http%3A%2F%2Fwww.w3.org%2F2000%2Fsvg%27%20width%3D%27917%27%20height%3D%27917%27%20viewBox%3D%270%200%20917%20917%27%3E%3Crect%20width%3D%27917%27%20height%3D%27917%27%20fill-opacity%3D%220%22%2F%3E%3C%2Fsvg%3E\" data-srcset=\"https:\/\/montanasurf.org\/wp-content\/uploads\/2025\/03\/bozemans_choice_logo_badge_2025-1-200x200.png 200w, https:\/\/montanasurf.org\/wp-content\/uploads\/2025\/03\/bozemans_choice_logo_badge_2025-1-400x400.png 400w, https:\/\/montanasurf.org\/wp-content\/uploads\/2025\/03\/bozemans_choice_logo_badge_2025-1-600x600.png 600w, https:\/\/montanasurf.org\/wp-content\/uploads\/2025\/03\/bozemans_choice_logo_badge_2025-1-800x800.png 800w, https:\/\/montanasurf.org\/wp-content\/uploads\/2025\/03\/bozemans_choice_logo_badge_2025-1.png 917w\" data-sizes=\"auto\" data-orig-sizes=\"(max-width: 1024px) 100vw, (max-width: 600px) 100vw, 400px\" \/><\/span><\/div><div class=\"fusion-text fusion-text-3\"><p><em>Revista Bozeman<\/em> los lectores votaron a Montana Surf\/Blitzz FC como \u201cel mejor equipo deportivo local de Bozeman\u201d<\/p>\n<\/div><\/div><\/div><div class=\"fusion-layout-column fusion_builder_column fusion-builder-column-3 fusion_builder_column_1_4 1_4 fusion-flex-column\" style=\"--awb-bg-size:cover;--awb-width-large:25%;--awb-margin-top-large:0px;--awb-spacing-right-large:7.68%;--awb-margin-bottom-large:20px;--awb-spacing-left-large:7.68%;--awb-width-medium:100%;--awb-order-medium:0;--awb-spacing-right-medium:1.92%;--awb-spacing-left-medium:1.92%;--awb-width-small:100%;--awb-order-small:0;--awb-spacing-right-small:1.92%;--awb-spacing-left-small:1.92%;\"><div class=\"fusion-column-wrapper fusion-column-has-shadow fusion-flex-justify-content-flex-start fusion-content-layout-column\"><div class=\"fusion-image-element\" style=\"--awb-caption-title-font-family:var(--h2_typography-font-family);--awb-caption-title-font-weight:var(--h2_typography-font-weight);--awb-caption-title-font-style:var(--h2_typography-font-style);--awb-caption-title-size:var(--h2_typography-font-size);--awb-caption-title-transform:var(--h2_typography-text-transform);--awb-caption-title-line-height:var(--h2_typography-line-height);--awb-caption-title-letter-spacing:var(--h2_typography-letter-spacing);\"><span class=\"fusion-imageframe imageframe-none imageframe-3 hover-type-none\"><img decoding=\"async\" width=\"200\" height=\"144\" title=\"BOM2024\" src=\"data:image\/svg+xml,%3Csvg%20xmlns%3D%27http%3A%2F%2Fwww.w3.org%2F2000%2Fsvg%27%20width%3D%27200%27%20height%3D%27144%27%20viewBox%3D%270%200%20200%20144%27%3E%3Crect%20width%3D%27200%27%20height%3D%27144%27%20fill-opacity%3D%220%22%2F%3E%3C%2Fsvg%3E\" data-orig-src=\"https:\/\/montanasurf.org\/wp-content\/uploads\/2024\/08\/BOM2024.jpg\" alt class=\"lazyload img-responsive wp-image-8593\"\/><\/span><\/div><div class=\"fusion-text fusion-text-4\"><p><em>Distintivamente Montana<\/em> los lectores votaron a Montana Surf\/Blitzz FC como &quot;La mejor organizaci\u00f3n deportiva juvenil de Montana&quot;<\/p>\n<\/div><\/div><\/div><div class=\"fusion-layout-column fusion_builder_column fusion-builder-column-4 fusion_builder_column_1_4 1_4 fusion-flex-column\" style=\"--awb-bg-size:cover;--awb-width-large:25%;--awb-margin-top-large:0px;--awb-spacing-right-large:7.68%;--awb-margin-bottom-large:20px;--awb-spacing-left-large:7.68%;--awb-width-medium:100%;--awb-order-medium:0;--awb-spacing-right-medium:1.92%;--awb-spacing-left-medium:1.92%;--awb-width-small:100%;--awb-order-small:0;--awb-spacing-right-small:1.92%;--awb-spacing-left-small:1.92%;\"><div class=\"fusion-column-wrapper fusion-column-has-shadow fusion-flex-justify-content-flex-start fusion-content-layout-column\"><div class=\"fusion-image-element\" style=\"--awb-caption-title-font-family:var(--h2_typography-font-family);--awb-caption-title-font-weight:var(--h2_typography-font-weight);--awb-caption-title-font-style:var(--h2_typography-font-style);--awb-caption-title-size:var(--h2_typography-font-size);--awb-caption-title-transform:var(--h2_typography-text-transform);--awb-caption-title-line-height:var(--h2_typography-line-height);--awb-caption-title-letter-spacing:var(--h2_typography-letter-spacing);\"><span class=\"fusion-imageframe imageframe-none imageframe-4 hover-type-none\"><img decoding=\"async\" width=\"820\" height=\"734\" title=\"Captura de pantalla 2022-10-04 a las 5.21.21 p. m.\" src=\"https:\/\/montanasurf.org\/wp-content\/uploads\/2022\/10\/Screen-Shot-2022-10-04-at-5.21.21-PM.png\" data-orig-src=\"https:\/\/www.montanasurf.org\/wp-content\/uploads\/2022\/10\/Screen-Shot-2022-10-04-at-5.21.21-PM.png\" alt class=\"lazyload img-responsive wp-image-6326\" srcset=\"data:image\/svg+xml,%3Csvg%20xmlns%3D%27http%3A%2F%2Fwww.w3.org%2F2000%2Fsvg%27%20width%3D%27820%27%20height%3D%27734%27%20viewBox%3D%270%200%20820%20734%27%3E%3Crect%20width%3D%27820%27%20height%3D%27734%27%20fill-opacity%3D%220%22%2F%3E%3C%2Fsvg%3E\" data-srcset=\"https:\/\/montanasurf.org\/wp-content\/uploads\/2022\/10\/Screen-Shot-2022-10-04-at-5.21.21-PM-200x179.png 200w, https:\/\/montanasurf.org\/wp-content\/uploads\/2022\/10\/Screen-Shot-2022-10-04-at-5.21.21-PM-400x358.png 400w, https:\/\/montanasurf.org\/wp-content\/uploads\/2022\/10\/Screen-Shot-2022-10-04-at-5.21.21-PM-600x537.png 600w, https:\/\/montanasurf.org\/wp-content\/uploads\/2022\/10\/Screen-Shot-2022-10-04-at-5.21.21-PM-800x716.png 800w, https:\/\/montanasurf.org\/wp-content\/uploads\/2022\/10\/Screen-Shot-2022-10-04-at-5.21.21-PM.png 820w\" data-sizes=\"auto\" data-orig-sizes=\"(max-width: 1024px) 100vw, (max-width: 600px) 100vw, 400px\" \/><\/span><\/div><div class=\"fusion-text fusion-text-5\"><p>Nuestro Director de la Academia Juvenil, Joel Harris, fue votado como &quot;El entrenador m\u00e1s grande de Gallatin&quot; por <em>Cr\u00f3nica de Bozeman <\/em>lectores<\/p>\n<\/div><\/div><\/div><\/div><\/div><div class=\"fusion-fullwidth fullwidth-box fusion-builder-row-3 fusion-flex-container nonhundred-percent-fullwidth non-hundred-percent-height-scrolling\" style=\"--awb-border-radius-top-left:0px;--awb-border-radius-top-right:0px;--awb-border-radius-bottom-right:0px;--awb-border-radius-bottom-left:0px;--awb-flex-wrap:wrap;\" ><div class=\"fusion-builder-row fusion-row fusion-flex-align-items-flex-start fusion-flex-content-wrap\" style=\"max-width:1216.8px;margin-left: calc(-4% \/ 2 );margin-right: calc(-4% \/ 2 );\"><div class=\"fusion-layout-column fusion_builder_column fusion-builder-column-5 fusion_builder_column_1_1 1_1 fusion-flex-column\" style=\"--awb-bg-size:cover;--awb-width-large:100%;--awb-margin-top-large:0px;--awb-spacing-right-large:1.92%;--awb-margin-bottom-large:20px;--awb-spacing-left-large:1.92%;--awb-width-medium:100%;--awb-order-medium:0;--awb-spacing-right-medium:1.92%;--awb-spacing-left-medium:1.92%;--awb-width-small:100%;--awb-order-small:0;--awb-spacing-right-small:1.92%;--awb-spacing-left-small:1.92%;\"><div class=\"fusion-column-wrapper fusion-column-has-shadow fusion-flex-justify-content-flex-start fusion-content-layout-column\"><div class=\"fusion-text fusion-text-6\" style=\"--awb-text-transform:none;\"><h2 class=\"fusion-responsive-typography-calculated\" style=\"--fontsize: 42; line-height: 1.35;\" data-fontsize=\"42\" data-lineheight=\"56.7px\">MONTANA SURF&#8217;S PURPOSE<\/h2>\n<\/div><div class=\"fusion-text fusion-text-7\" style=\"--awb-text-transform:none;\"><p>MT Surf Soccer\u2019s purpose is to provide a safe, fun, and supportive athletic experience where Gallatin Valley youth can come together and learn to respect themselves, the game, teammates, opponents, and referees.<\/p>\n<\/div><div class=\"fusion-text fusion-text-8\" style=\"--awb-text-transform:none;\"><h2 class=\"fusion-responsive-typography-calculated\" style=\"--fontsize: 42; line-height: 1.35;\" data-fontsize=\"42\" data-lineheight=\"56.7px\">OUR MISSION<\/h2>\n<\/div><div class=\"fusion-text fusion-text-9\" style=\"--awb-text-transform:none;\"><p>To provide the \u201cbest of the best\u201d soccer experiences, develop life and athletic skills, and have the opportunity to foster friendships.<\/p>\n<\/div><div class=\"fusion-text fusion-text-10\" style=\"--awb-text-transform:none;\"><h2 class=\"fusion-responsive-typography-calculated\" style=\"--fontsize: 42; line-height: 1.35;\" data-fontsize=\"42\" data-lineheight=\"56.7px\">OUR BELIEFS AND VALUES<\/h2>\n<\/div><div class=\"fusion-text fusion-text-11\" style=\"--awb-text-transform:none;\"><p>We believe in diversity and inclusivity; that the opportunity to benefit from youth sports must be available to all, and we are committed to giving every player the opportunity to be a club member, regardless of their socioeconomic situation.<\/p>\n<p>The foundation of our programming are the values of:<\/p>\n<ul>\n<li><b>METRO<\/b>indset for Growth<\/li>\n<li><b>T<\/b>trabajo en equipo<\/li>\n<li><b>S<\/b>portsmanship<\/li>\n<li><b>tu<\/b>nity<\/li>\n<li><b>R<\/b>resiliencia +Responsabilidad<\/li>\n<li><b>F<\/b>Naciones Unidas<\/li>\n<\/ul>\n<\/div><\/div><\/div><\/div><\/div><\/p>","protected":false},"excerpt":{"rendered":"","protected":false},"author":7,"featured_media":5632,"parent":0,"menu_order":0,"comment_status":"closed","ping_status":"closed","template":"","meta":{"footnotes":""},"class_list":["post-12","page","type-page","status-publish","has-post-thumbnail","hentry"],"yoast_head":"<!-- This site is optimized with the Yoast SEO plugin v27.5 - https:\/\/yoast.com\/product\/yoast-seo-wordpress\/ -->\n<title>About Us - Montana Surf Soccer Club<\/title>\n<meta name=\"description\" content=\"Montana Surf have been the premier youth soccer club in Gallatin Valley since 1985, with programs for recreational and competitive players.\" \/>\n<meta name=\"robots\" content=\"index, follow, max-snippet:-1, max-image-preview:large, max-video-preview:-1\" \/>\n<link rel=\"canonical\" href=\"https:\/\/montanasurf.org\/es\/about-us\/\" \/>\n<meta property=\"og:locale\" content=\"es_MX\" \/>\n<meta property=\"og:type\" content=\"article\" \/>\n<meta property=\"og:title\" content=\"About Us - Montana Surf Soccer Club\" \/>\n<meta property=\"og:description\" content=\"Montana Surf have been the premier youth soccer club in Gallatin Valley since 1985, with programs for recreational and competitive players.\" \/>\n<meta property=\"og:url\" content=\"https:\/\/montanasurf.org\/es\/about-us\/\" \/>\n<meta property=\"og:site_name\" content=\"Montana Surf Soccer Club\" \/>\n<meta property=\"article:publisher\" content=\"https:\/\/www.facebook.com\/MontanaSurfSoccer\" \/>\n<meta property=\"article:modified_time\" content=\"2025-07-16T17:57:04+00:00\" \/>\n<meta property=\"og:image\" content=\"https:\/\/montanasurf.org\/wp-content\/uploads\/2022\/04\/Surf-2091.jpg\" \/>\n\t<meta property=\"og:image:width\" content=\"2000\" \/>\n\t<meta property=\"og:image:height\" content=\"1333\" \/>\n\t<meta property=\"og:image:type\" content=\"image\/jpeg\" \/>\n<meta name=\"twitter:card\" content=\"summary_large_image\" \/>\n<meta name=\"twitter:label1\" content=\"Tiempo de lectura\" \/>\n\t<meta name=\"twitter:data1\" content=\"3 minutos\" \/>\n<script type=\"application\/ld+json\" class=\"yoast-schema-graph\">{\"@context\":\"https:\\\/\\\/schema.org\",\"@graph\":[{\"@type\":\"WebPage\",\"@id\":\"https:\\\/\\\/montanasurf.org\\\/about-us\\\/\",\"url\":\"https:\\\/\\\/montanasurf.org\\\/about-us\\\/\",\"name\":\"About Us - Montana Surf Soccer Club\",\"isPartOf\":{\"@id\":\"https:\\\/\\\/montanasurf.org\\\/#website\"},\"primaryImageOfPage\":{\"@id\":\"https:\\\/\\\/montanasurf.org\\\/about-us\\\/#primaryimage\"},\"image\":{\"@id\":\"https:\\\/\\\/montanasurf.org\\\/about-us\\\/#primaryimage\"},\"thumbnailUrl\":\"https:\\\/\\\/montanasurf.org\\\/wp-content\\\/uploads\\\/2022\\\/04\\\/Surf-2091.jpg\",\"datePublished\":\"2022-03-17T17:32:50+00:00\",\"dateModified\":\"2025-07-16T17:57:04+00:00\",\"description\":\"Montana Surf have been the premier youth soccer club in Gallatin Valley since 1985, with programs for recreational and competitive players.\",\"breadcrumb\":{\"@id\":\"https:\\\/\\\/montanasurf.org\\\/about-us\\\/#breadcrumb\"},\"inLanguage\":\"es\",\"potentialAction\":[{\"@type\":\"ReadAction\",\"target\":[\"https:\\\/\\\/montanasurf.org\\\/about-us\\\/\"]}]},{\"@type\":\"ImageObject\",\"inLanguage\":\"es\",\"@id\":\"https:\\\/\\\/montanasurf.org\\\/about-us\\\/#primaryimage\",\"url\":\"https:\\\/\\\/montanasurf.org\\\/wp-content\\\/uploads\\\/2022\\\/04\\\/Surf-2091.jpg\",\"contentUrl\":\"https:\\\/\\\/montanasurf.org\\\/wp-content\\\/uploads\\\/2022\\\/04\\\/Surf-2091.jpg\",\"width\":2000,\"height\":1333},{\"@type\":\"BreadcrumbList\",\"@id\":\"https:\\\/\\\/montanasurf.org\\\/about-us\\\/#breadcrumb\",\"itemListElement\":[{\"@type\":\"ListItem\",\"position\":1,\"name\":\"Home\",\"item\":\"https:\\\/\\\/montanasurf.org\\\/\"},{\"@type\":\"ListItem\",\"position\":2,\"name\":\"About Us\"}]},{\"@type\":\"WebSite\",\"@id\":\"https:\\\/\\\/montanasurf.org\\\/#website\",\"url\":\"https:\\\/\\\/montanasurf.org\\\/\",\"name\":\"Montana Surf Soccer Club\",\"description\":\"Montana&#039;s Premier Soccer Club\",\"publisher\":{\"@id\":\"https:\\\/\\\/montanasurf.org\\\/#organization\"},\"potentialAction\":[{\"@type\":\"SearchAction\",\"target\":{\"@type\":\"EntryPoint\",\"urlTemplate\":\"https:\\\/\\\/montanasurf.org\\\/?s={search_term_string}\"},\"query-input\":{\"@type\":\"PropertyValueSpecification\",\"valueRequired\":true,\"valueName\":\"search_term_string\"}}],\"inLanguage\":\"es\"},{\"@type\":\"Organization\",\"@id\":\"https:\\\/\\\/montanasurf.org\\\/#organization\",\"name\":\"Montana Surf Soccer\",\"url\":\"https:\\\/\\\/montanasurf.org\\\/\",\"logo\":{\"@type\":\"ImageObject\",\"inLanguage\":\"es\",\"@id\":\"https:\\\/\\\/montanasurf.org\\\/#\\\/schema\\\/logo\\\/image\\\/\",\"url\":\"https:\\\/\\\/www.montanasurf.org\\\/wp-content\\\/uploads\\\/2022\\\/03\\\/montana-surf-soccer-club.png\",\"contentUrl\":\"https:\\\/\\\/www.montanasurf.org\\\/wp-content\\\/uploads\\\/2022\\\/03\\\/montana-surf-soccer-club.png\",\"width\":89,\"height\":120,\"caption\":\"Montana Surf Soccer\"},\"image\":{\"@id\":\"https:\\\/\\\/montanasurf.org\\\/#\\\/schema\\\/logo\\\/image\\\/\"},\"sameAs\":[\"https:\\\/\\\/www.facebook.com\\\/MontanaSurfSoccer\",\"https:\\\/\\\/www.instagram.com\\\/montana_surf_\\\/\"]}]}<\/script>\n<!-- \/ Yoast SEO plugin. -->","yoast_head_json":{"title":"About Us - Montana Surf Soccer Club","description":"Montana Surf have been the premier youth soccer club in Gallatin Valley since 1985, with programs for recreational and competitive players.","robots":{"index":"index","follow":"follow","max-snippet":"max-snippet:-1","max-image-preview":"max-image-preview:large","max-video-preview":"max-video-preview:-1"},"canonical":"https:\/\/montanasurf.org\/es\/about-us\/","og_locale":"es_MX","og_type":"article","og_title":"About Us - Montana Surf Soccer Club","og_description":"Montana Surf have been the premier youth soccer club in Gallatin Valley since 1985, with programs for recreational and competitive players.","og_url":"https:\/\/montanasurf.org\/es\/about-us\/","og_site_name":"Montana Surf Soccer Club","article_publisher":"https:\/\/www.facebook.com\/MontanaSurfSoccer","article_modified_time":"2025-07-16T17:57:04+00:00","og_image":[{"width":2000,"height":1333,"url":"https:\/\/montanasurf.org\/wp-content\/uploads\/2022\/04\/Surf-2091.jpg","type":"image\/jpeg"}],"twitter_card":"summary_large_image","twitter_misc":{"Tiempo de lectura":"3 minutos"},"schema":{"@context":"https:\/\/schema.org","@graph":[{"@type":"WebPage","@id":"https:\/\/montanasurf.org\/about-us\/","url":"https:\/\/montanasurf.org\/about-us\/","name":"About Us - Montana Surf Soccer Club","isPartOf":{"@id":"https:\/\/montanasurf.org\/#website"},"primaryImageOfPage":{"@id":"https:\/\/montanasurf.org\/about-us\/#primaryimage"},"image":{"@id":"https:\/\/montanasurf.org\/about-us\/#primaryimage"},"thumbnailUrl":"https:\/\/montanasurf.org\/wp-content\/uploads\/2022\/04\/Surf-2091.jpg","datePublished":"2022-03-17T17:32:50+00:00","dateModified":"2025-07-16T17:57:04+00:00","description":"Montana Surf have been the premier youth soccer club in Gallatin Valley since 1985, with programs for recreational and competitive players.","breadcrumb":{"@id":"https:\/\/montanasurf.org\/about-us\/#breadcrumb"},"inLanguage":"es","potentialAction":[{"@type":"ReadAction","target":["https:\/\/montanasurf.org\/about-us\/"]}]},{"@type":"ImageObject","inLanguage":"es","@id":"https:\/\/montanasurf.org\/about-us\/#primaryimage","url":"https:\/\/montanasurf.org\/wp-content\/uploads\/2022\/04\/Surf-2091.jpg","contentUrl":"https:\/\/montanasurf.org\/wp-content\/uploads\/2022\/04\/Surf-2091.jpg","width":2000,"height":1333},{"@type":"BreadcrumbList","@id":"https:\/\/montanasurf.org\/about-us\/#breadcrumb","itemListElement":[{"@type":"ListItem","position":1,"name":"Home","item":"https:\/\/montanasurf.org\/"},{"@type":"ListItem","position":2,"name":"About Us"}]},{"@type":"WebSite","@id":"https:\/\/montanasurf.org\/#website","url":"https:\/\/montanasurf.org\/","name":"Club de f\u00fatbol Montana Surf","description":"Club de f\u00fatbol Premier de Montana y #039","publisher":{"@id":"https:\/\/montanasurf.org\/#organization"},"potentialAction":[{"@type":"SearchAction","target":{"@type":"EntryPoint","urlTemplate":"https:\/\/montanasurf.org\/?s={search_term_string}"},"query-input":{"@type":"PropertyValueSpecification","valueRequired":true,"valueName":"search_term_string"}}],"inLanguage":"es"},{"@type":"Organization","@id":"https:\/\/montanasurf.org\/#organization","name":"Montana Surf Soccer","url":"https:\/\/montanasurf.org\/","logo":{"@type":"ImageObject","inLanguage":"es","@id":"https:\/\/montanasurf.org\/#\/schema\/logo\/image\/","url":"https:\/\/www.montanasurf.org\/wp-content\/uploads\/2022\/03\/montana-surf-soccer-club.png","contentUrl":"https:\/\/www.montanasurf.org\/wp-content\/uploads\/2022\/03\/montana-surf-soccer-club.png","width":89,"height":120,"caption":"Montana Surf Soccer"},"image":{"@id":"https:\/\/montanasurf.org\/#\/schema\/logo\/image\/"},"sameAs":["https:\/\/www.facebook.com\/MontanaSurfSoccer","https:\/\/www.instagram.com\/montana_surf_\/"]}]}},"_links":{"self":[{"href":"https:\/\/montanasurf.org\/es\/wp-json\/wp\/v2\/pages\/12","targetHints":{"allow":["GET"]}}],"collection":[{"href":"https:\/\/montanasurf.org\/es\/wp-json\/wp\/v2\/pages"}],"about":[{"href":"https:\/\/montanasurf.org\/es\/wp-json\/wp\/v2\/types\/page"}],"author":[{"embeddable":true,"href":"https:\/\/montanasurf.org\/es\/wp-json\/wp\/v2\/users\/7"}],"replies":[{"embeddable":true,"href":"https:\/\/montanasurf.org\/es\/wp-json\/wp\/v2\/comments?post=12"}],"version-history":[{"count":16,"href":"https:\/\/montanasurf.org\/es\/wp-json\/wp\/v2\/pages\/12\/revisions"}],"predecessor-version":[{"id":9458,"href":"https:\/\/montanasurf.org\/es\/wp-json\/wp\/v2\/pages\/12\/revisions\/9458"}],"wp:featuredmedia":[{"embeddable":true,"href":"https:\/\/montanasurf.org\/es\/wp-json\/wp\/v2\/media\/5632"}],"wp:attachment":[{"href":"https:\/\/montanasurf.org\/es\/wp-json\/wp\/v2\/media?parent=12"}],"curies":[{"name":"wp","href":"https:\/\/api.w.org\/{rel}","templated":true}]}}