{"id":16,"date":"2022-03-17T17:33:26","date_gmt":"2022-03-17T17:33:26","guid":{"rendered":"https:\/\/www.montanasurf.org\/?page_id=16"},"modified":"2023-10-26T09:28:59","modified_gmt":"2023-10-26T15:28:59","slug":"our-club","status":"publish","type":"page","link":"https:\/\/montanasurf.org\/es\/our-club\/","title":{"rendered":"nuestro club"},"content":{"rendered":"<p><div class=\"fusion-fullwidth fullwidth-box fusion-builder-row-1 fusion-flex-container nonhundred-percent-fullwidth non-hundred-percent-height-scrolling\" style=\"--awb-border-radius-top-left:0px;--awb-border-radius-top-right:0px;--awb-border-radius-bottom-right:0px;--awb-border-radius-bottom-left:0px;--awb-flex-wrap:wrap;\" ><div class=\"fusion-builder-row fusion-row fusion-flex-align-items-flex-start fusion-flex-content-wrap\" style=\"max-width:1216.8px;margin-left: calc(-4% \/ 2 );margin-right: calc(-4% \/ 2 );\"><div class=\"fusion-layout-column fusion_builder_column fusion-builder-column-0 fusion_builder_column_1_1 1_1 fusion-flex-column\" style=\"--awb-bg-size:cover;--awb-width-large:100%;--awb-margin-top-large:0px;--awb-spacing-right-large:1.92%;--awb-margin-bottom-large:20px;--awb-spacing-left-large:1.92%;--awb-width-medium:100%;--awb-order-medium:0;--awb-spacing-right-medium:1.92%;--awb-spacing-left-medium:1.92%;--awb-width-small:100%;--awb-order-small:0;--awb-spacing-right-small:1.92%;--awb-spacing-left-small:1.92%;\"><div class=\"fusion-column-wrapper fusion-column-has-shadow fusion-flex-justify-content-flex-start fusion-content-layout-column\"><div class=\"fusion-text fusion-text-1\"><h3 class=\"\" style=\"--fontsize: 25; line-height: 1.35;\" data-fontsize=\"25\" data-lineheight=\"33.75px\"><strong>Nuestra misi\u00f3n<\/strong><\/h3>\n<p><b><span style=\"color: var(--awb-text-color); font-family: var(--awb-text-font-family); font-size: var(--awb-font-size); letter-spacing: var(--awb-letter-spacing); text-align: var(--awb-content-alignment); text-transform: var(--awb-text-transform); background-color: var(--awb-bg-color-hover);\"><i style=\"\">To provide the \u201cbest of the best\u201d soccer experiences, develop life and athletic skills, and have the opportunity to foster friendships<\/i><\/span><i>. <\/i><\/b><\/p>\n<p><b><i><br \/><\/i><\/b><\/p>\n<p>Montana Surf Soccer Club tiene como objetivo brindar una experiencia de f\u00fatbol de la m\u00e1s alta calidad a todos los ni\u00f1os de 4 a 19 a\u00f1os. Para los ni\u00f1os m\u00e1s peque\u00f1os, nuestro <b>programa recreativo<\/b> se enfoca en ense\u00f1ar el juego de f\u00fatbol a trav\u00e9s de la diversi\u00f3n. Con equipos peque\u00f1os, padres entrenadores, entrenadores profesionales y uniformes de alta calidad, los jugadores se divierten mientras comienzan a aprender el juego. Nuestro <b>Programa de desarrollo de la academia<\/b> ayuda a los ni\u00f1os de 9 a 11 a\u00f1os a pasar del juego recreativo al m\u00e1s competitivo, con \u00e9nfasis en ense\u00f1ar a los jugadores habilidades individuales fundamentales. Nuestro <b>Programa Competitivo<\/b> para j\u00f3venes de 12 a 19 a\u00f1os enfatiza las habilidades individuales y de equipo, niveles muy altos de condici\u00f3n f\u00edsica, el desarrollo del potencial propio y el valor del buen esp\u00edritu deportivo. Durante el invierno, cuando nuestros campos est\u00e1n cubiertos de nieve, nuestros jugadores de 8 a\u00f1os en adelante pueden perfeccionar su toque de bal\u00f3n, mantenerse en forma y divertirse mucho en nuestro interior. <b>Programa de F\u00fatbol Sala<\/b> and our Winter Team Training Program. Summer camps provide further opportunity to build skills during the summer months.<\/p>\n<p>The club is fortunate to have an outstanding coaching staff. Our club directors oversee all the programs and coordinate the curriculum among programs to provide a seamless soccer experience from age 4 to 19. The technical director carefully selects coaches for each age level, often placing our very best coaches with the young developmental players.<\/p>\n<\/p>\n<p>Los jugadores y entrenadores cuentan con el apoyo de un peque\u00f1o personal profesional y un gran n\u00famero de padres voluntarios. Adem\u00e1s del director t\u00e9cnico y los entrenadores, el personal remunerado incluye un director de programa para los programas de desarrollo competitivo y acad\u00e9mico, un director de programa para el programa de f\u00fatbol recreativo y un registrador. Los padres voluntarios sirven como miembros de la junta directiva de nueve personas, miembros del comit\u00e9, gerentes de equipo, \u00e1rbitros, mariscales de campo y en muchos otros roles de apoyo. Las pol\u00edticas del club est\u00e1n dedicadas a la seguridad, la equidad, el esp\u00edritu deportivo, la transparencia y la responsabilidad de los jugadores y los padres.<\/p>\n<p>In total, the Montana Surf approach to youth soccer has been highly successful. The club has been stable for more than 38 years. The number of players has grown rapidly in recent years and now includes more than 1000 recreational players and 500 competitive players. We have produced many Montana State champion teams, many successful high school and college players, and perhaps most importantly, won several regional sportsmanship awards. The club is also good for parents. Many of us have come to love the game of soccer, gained unforgettable family memories, and developed life-long friendships with other parents.<\/p>\n<\/div><div class=\"fusion-text fusion-text-2\"><h3 data-fontsize=\"25\" data-lineheight=\"33.75px\" class=\"fusion-responsive-typography-calculated\" style=\"--fontSize: 25; line-height: 1.35;\"><strong>Nuestra historia<\/strong><\/h3>\n<p>Montana Surf youth soccer club offers quality recreational and competitive youth soccer programs for kids in the Gallatin Valley Area. Founded more than 25 years ago under the name Blitzz FC, this volunteer club, organizes, advances, and fosters the love of the game for more than 2000 kids annually in the Gallatin Valley.<\/p>\n<p>In 2020 Blitzz FC was fortunate enough to affiliate with Surf Nation to become Montana Surf.  Now under the Montana Surf logo we are able to provide local, regional, national, and international opportunities for our players. <\/p>\n<div>Montana Surf organizes the following programs:<\/div>\n<ul>\n<li>Liga recreativa (Blitzz FC Rec Soccer www.blitzzfc.org)<\/li>\n<li>Academias de desarrollo de oto\u00f1o y primavera <\/li>\n<li>academias competitivas<\/li>\n<li>Campamentos de verano<\/li>\n<li>Torneo de entrenamiento y juego<\/li>\n<li>Liga de f\u00fatbol sala de invierno<\/li>\n<li>Entrenamiento de equipos de interior de invierno<\/li>\n<li>Navegar Seleccionar<\/li>\n<li>Mountain West Junior Premier League<\/li>\n<\/ul>\n<\/div><\/div><\/div><\/div><\/div><div class=\"fusion-fullwidth fullwidth-box fusion-builder-row-2 fusion-flex-container has-pattern-background has-mask-background nonhundred-percent-fullwidth non-hundred-percent-height-scrolling\" style=\"--awb-border-radius-top-left:0px;--awb-border-radius-top-right:0px;--awb-border-radius-bottom-right:0px;--awb-border-radius-bottom-left:0px;--awb-flex-wrap:wrap;\" ><div class=\"fusion-builder-row fusion-row fusion-flex-align-items-flex-start fusion-flex-content-wrap\" style=\"max-width:1216.8px;margin-left: calc(-4% \/ 2 );margin-right: calc(-4% \/ 2 );\"><div class=\"fusion-layout-column fusion_builder_column fusion-builder-column-1 fusion_builder_column_1_1 1_1 fusion-flex-column\" style=\"--awb-bg-size:cover;--awb-width-large:100%;--awb-margin-top-large:0px;--awb-spacing-right-large:1.92%;--awb-margin-bottom-large:20px;--awb-spacing-left-large:1.92%;--awb-width-medium:100%;--awb-order-medium:0;--awb-spacing-right-medium:1.92%;--awb-spacing-left-medium:1.92%;--awb-width-small:100%;--awb-order-small:0;--awb-spacing-right-small:1.92%;--awb-spacing-left-small:1.92%;\"><div class=\"fusion-column-wrapper fusion-column-has-shadow fusion-flex-justify-content-flex-start fusion-content-layout-column\"><div class=\"fusion-image-element\" style=\"--awb-caption-title-font-family:var(--h2_typography-font-family);--awb-caption-title-font-weight:var(--h2_typography-font-weight);--awb-caption-title-font-style:var(--h2_typography-font-style);--awb-caption-title-size:var(--h2_typography-font-size);--awb-caption-title-transform:var(--h2_typography-text-transform);--awb-caption-title-line-height:var(--h2_typography-line-height);--awb-caption-title-letter-spacing:var(--h2_typography-letter-spacing);\"><span class=\"fusion-imageframe imageframe-none imageframe-1 hover-type-none\"><img decoding=\"async\" width=\"1620\" height=\"1080\" title=\"500_0806\" src=\"https:\/\/montanasurf.org\/wp-content\/uploads\/2023\/06\/500_0806.jpg\" data-orig-src=\"https:\/\/montanasurf.org\/wp-content\/uploads\/2023\/06\/500_0806.jpg\" alt class=\"lazyload img-responsive wp-image-7739\" srcset=\"data:image\/svg+xml,%3Csvg%20xmlns%3D%27http%3A%2F%2Fwww.w3.org%2F2000%2Fsvg%27%20width%3D%271620%27%20height%3D%271080%27%20viewBox%3D%270%200%201620%201080%27%3E%3Crect%20width%3D%271620%27%20height%3D%271080%27%20fill-opacity%3D%220%22%2F%3E%3C%2Fsvg%3E\" data-srcset=\"https:\/\/montanasurf.org\/wp-content\/uploads\/2023\/06\/500_0806-200x133.jpg 200w, https:\/\/montanasurf.org\/wp-content\/uploads\/2023\/06\/500_0806-400x267.jpg 400w, https:\/\/montanasurf.org\/wp-content\/uploads\/2023\/06\/500_0806-600x400.jpg 600w, https:\/\/montanasurf.org\/wp-content\/uploads\/2023\/06\/500_0806-800x533.jpg 800w, https:\/\/montanasurf.org\/wp-content\/uploads\/2023\/06\/500_0806-1200x800.jpg 1200w, https:\/\/montanasurf.org\/wp-content\/uploads\/2023\/06\/500_0806.jpg 1620w\" data-sizes=\"auto\" data-orig-sizes=\"(max-width: 1024px) 100vw, (max-width: 600px) 100vw, 1200px\" \/><\/span><\/div><\/div><\/div><\/div><\/div><\/p>","protected":false},"excerpt":{"rendered":"","protected":false},"author":7,"featured_media":5350,"parent":0,"menu_order":0,"comment_status":"closed","ping_status":"closed","template":"","meta":{"footnotes":""},"class_list":["post-16","page","type-page","status-publish","has-post-thumbnail","hentry"],"yoast_head":"<!-- This site is optimized with the Yoast SEO plugin v27.3 - https:\/\/yoast.com\/product\/yoast-seo-wordpress\/ -->\n<title>Our Club - Montana Surf Soccer Club<\/title>\n<meta name=\"robots\" content=\"index, follow, max-snippet:-1, max-image-preview:large, max-video-preview:-1\" \/>\n<link rel=\"canonical\" href=\"https:\/\/montanasurf.org\/es\/our-club\/\" \/>\n<meta property=\"og:locale\" content=\"es_MX\" \/>\n<meta property=\"og:type\" content=\"article\" \/>\n<meta property=\"og:title\" content=\"Our Club - Montana Surf Soccer Club\" \/>\n<meta property=\"og:url\" content=\"https:\/\/montanasurf.org\/es\/our-club\/\" \/>\n<meta property=\"og:site_name\" content=\"Montana Surf Soccer Club\" \/>\n<meta property=\"article:publisher\" content=\"https:\/\/www.facebook.com\/MontanaSurfSoccer\" \/>\n<meta property=\"article:modified_time\" content=\"2023-10-26T15:28:59+00:00\" \/>\n<meta property=\"og:image\" content=\"https:\/\/montanasurf.org\/wp-content\/uploads\/2022\/03\/SURF-47-scaled.jpg\" \/>\n\t<meta property=\"og:image:width\" content=\"2560\" \/>\n\t<meta property=\"og:image:height\" content=\"1707\" \/>\n\t<meta property=\"og:image:type\" content=\"image\/jpeg\" \/>\n<meta name=\"twitter:card\" content=\"summary_large_image\" \/>\n<meta name=\"twitter:label1\" content=\"Tiempo de lectura\" \/>\n\t<meta name=\"twitter:data1\" content=\"7 minutos\" \/>\n<script type=\"application\/ld+json\" class=\"yoast-schema-graph\">{\"@context\":\"https:\\\/\\\/schema.org\",\"@graph\":[{\"@type\":\"WebPage\",\"@id\":\"https:\\\/\\\/montanasurf.org\\\/our-club\\\/\",\"url\":\"https:\\\/\\\/montanasurf.org\\\/our-club\\\/\",\"name\":\"Our Club - Montana Surf Soccer Club\",\"isPartOf\":{\"@id\":\"https:\\\/\\\/montanasurf.org\\\/#website\"},\"primaryImageOfPage\":{\"@id\":\"https:\\\/\\\/montanasurf.org\\\/our-club\\\/#primaryimage\"},\"image\":{\"@id\":\"https:\\\/\\\/montanasurf.org\\\/our-club\\\/#primaryimage\"},\"thumbnailUrl\":\"https:\\\/\\\/montanasurf.org\\\/wp-content\\\/uploads\\\/2022\\\/03\\\/SURF-47-scaled.jpg\",\"datePublished\":\"2022-03-17T17:33:26+00:00\",\"dateModified\":\"2023-10-26T15:28:59+00:00\",\"breadcrumb\":{\"@id\":\"https:\\\/\\\/montanasurf.org\\\/our-club\\\/#breadcrumb\"},\"inLanguage\":\"es\",\"potentialAction\":[{\"@type\":\"ReadAction\",\"target\":[\"https:\\\/\\\/montanasurf.org\\\/our-club\\\/\"]}]},{\"@type\":\"ImageObject\",\"inLanguage\":\"es\",\"@id\":\"https:\\\/\\\/montanasurf.org\\\/our-club\\\/#primaryimage\",\"url\":\"https:\\\/\\\/montanasurf.org\\\/wp-content\\\/uploads\\\/2022\\\/03\\\/SURF-47-scaled.jpg\",\"contentUrl\":\"https:\\\/\\\/montanasurf.org\\\/wp-content\\\/uploads\\\/2022\\\/03\\\/SURF-47-scaled.jpg\",\"width\":2560,\"height\":1707},{\"@type\":\"BreadcrumbList\",\"@id\":\"https:\\\/\\\/montanasurf.org\\\/our-club\\\/#breadcrumb\",\"itemListElement\":[{\"@type\":\"ListItem\",\"position\":1,\"name\":\"Home\",\"item\":\"https:\\\/\\\/montanasurf.org\\\/\"},{\"@type\":\"ListItem\",\"position\":2,\"name\":\"Our Club\"}]},{\"@type\":\"WebSite\",\"@id\":\"https:\\\/\\\/montanasurf.org\\\/#website\",\"url\":\"https:\\\/\\\/montanasurf.org\\\/\",\"name\":\"Montana Surf Soccer Club\",\"description\":\"Montana&#039;s Premier Soccer Club\",\"publisher\":{\"@id\":\"https:\\\/\\\/montanasurf.org\\\/#organization\"},\"potentialAction\":[{\"@type\":\"SearchAction\",\"target\":{\"@type\":\"EntryPoint\",\"urlTemplate\":\"https:\\\/\\\/montanasurf.org\\\/?s={search_term_string}\"},\"query-input\":{\"@type\":\"PropertyValueSpecification\",\"valueRequired\":true,\"valueName\":\"search_term_string\"}}],\"inLanguage\":\"es\"},{\"@type\":\"Organization\",\"@id\":\"https:\\\/\\\/montanasurf.org\\\/#organization\",\"name\":\"Montana Surf Soccer\",\"url\":\"https:\\\/\\\/montanasurf.org\\\/\",\"logo\":{\"@type\":\"ImageObject\",\"inLanguage\":\"es\",\"@id\":\"https:\\\/\\\/montanasurf.org\\\/#\\\/schema\\\/logo\\\/image\\\/\",\"url\":\"https:\\\/\\\/www.montanasurf.org\\\/wp-content\\\/uploads\\\/2022\\\/03\\\/montana-surf-soccer-club.png\",\"contentUrl\":\"https:\\\/\\\/www.montanasurf.org\\\/wp-content\\\/uploads\\\/2022\\\/03\\\/montana-surf-soccer-club.png\",\"width\":89,\"height\":120,\"caption\":\"Montana Surf Soccer\"},\"image\":{\"@id\":\"https:\\\/\\\/montanasurf.org\\\/#\\\/schema\\\/logo\\\/image\\\/\"},\"sameAs\":[\"https:\\\/\\\/www.facebook.com\\\/MontanaSurfSoccer\",\"https:\\\/\\\/www.instagram.com\\\/montana_surf_\\\/\"]}]}<\/script>\n<!-- \/ Yoast SEO plugin. -->","yoast_head_json":{"title":"Our Club - Montana Surf Soccer Club","robots":{"index":"index","follow":"follow","max-snippet":"max-snippet:-1","max-image-preview":"max-image-preview:large","max-video-preview":"max-video-preview:-1"},"canonical":"https:\/\/montanasurf.org\/es\/our-club\/","og_locale":"es_MX","og_type":"article","og_title":"Our Club - Montana Surf Soccer Club","og_url":"https:\/\/montanasurf.org\/es\/our-club\/","og_site_name":"Montana Surf Soccer Club","article_publisher":"https:\/\/www.facebook.com\/MontanaSurfSoccer","article_modified_time":"2023-10-26T15:28:59+00:00","og_image":[{"width":2560,"height":1707,"url":"https:\/\/montanasurf.org\/wp-content\/uploads\/2022\/03\/SURF-47-scaled.jpg","type":"image\/jpeg"}],"twitter_card":"summary_large_image","twitter_misc":{"Tiempo de lectura":"7 minutos"},"schema":{"@context":"https:\/\/schema.org","@graph":[{"@type":"WebPage","@id":"https:\/\/montanasurf.org\/our-club\/","url":"https:\/\/montanasurf.org\/our-club\/","name":"Our Club - Montana Surf Soccer Club","isPartOf":{"@id":"https:\/\/montanasurf.org\/#website"},"primaryImageOfPage":{"@id":"https:\/\/montanasurf.org\/our-club\/#primaryimage"},"image":{"@id":"https:\/\/montanasurf.org\/our-club\/#primaryimage"},"thumbnailUrl":"https:\/\/montanasurf.org\/wp-content\/uploads\/2022\/03\/SURF-47-scaled.jpg","datePublished":"2022-03-17T17:33:26+00:00","dateModified":"2023-10-26T15:28:59+00:00","breadcrumb":{"@id":"https:\/\/montanasurf.org\/our-club\/#breadcrumb"},"inLanguage":"es","potentialAction":[{"@type":"ReadAction","target":["https:\/\/montanasurf.org\/our-club\/"]}]},{"@type":"ImageObject","inLanguage":"es","@id":"https:\/\/montanasurf.org\/our-club\/#primaryimage","url":"https:\/\/montanasurf.org\/wp-content\/uploads\/2022\/03\/SURF-47-scaled.jpg","contentUrl":"https:\/\/montanasurf.org\/wp-content\/uploads\/2022\/03\/SURF-47-scaled.jpg","width":2560,"height":1707},{"@type":"BreadcrumbList","@id":"https:\/\/montanasurf.org\/our-club\/#breadcrumb","itemListElement":[{"@type":"ListItem","position":1,"name":"Home","item":"https:\/\/montanasurf.org\/"},{"@type":"ListItem","position":2,"name":"Our Club"}]},{"@type":"WebSite","@id":"https:\/\/montanasurf.org\/#website","url":"https:\/\/montanasurf.org\/","name":"Club de f\u00fatbol Montana Surf","description":"Club de f\u00fatbol Premier de Montana y #039","publisher":{"@id":"https:\/\/montanasurf.org\/#organization"},"potentialAction":[{"@type":"SearchAction","target":{"@type":"EntryPoint","urlTemplate":"https:\/\/montanasurf.org\/?s={search_term_string}"},"query-input":{"@type":"PropertyValueSpecification","valueRequired":true,"valueName":"search_term_string"}}],"inLanguage":"es"},{"@type":"Organization","@id":"https:\/\/montanasurf.org\/#organization","name":"Montana Surf Soccer","url":"https:\/\/montanasurf.org\/","logo":{"@type":"ImageObject","inLanguage":"es","@id":"https:\/\/montanasurf.org\/#\/schema\/logo\/image\/","url":"https:\/\/www.montanasurf.org\/wp-content\/uploads\/2022\/03\/montana-surf-soccer-club.png","contentUrl":"https:\/\/www.montanasurf.org\/wp-content\/uploads\/2022\/03\/montana-surf-soccer-club.png","width":89,"height":120,"caption":"Montana Surf Soccer"},"image":{"@id":"https:\/\/montanasurf.org\/#\/schema\/logo\/image\/"},"sameAs":["https:\/\/www.facebook.com\/MontanaSurfSoccer","https:\/\/www.instagram.com\/montana_surf_\/"]}]}},"_links":{"self":[{"href":"https:\/\/montanasurf.org\/es\/wp-json\/wp\/v2\/pages\/16","targetHints":{"allow":["GET"]}}],"collection":[{"href":"https:\/\/montanasurf.org\/es\/wp-json\/wp\/v2\/pages"}],"about":[{"href":"https:\/\/montanasurf.org\/es\/wp-json\/wp\/v2\/types\/page"}],"author":[{"embeddable":true,"href":"https:\/\/montanasurf.org\/es\/wp-json\/wp\/v2\/users\/7"}],"replies":[{"embeddable":true,"href":"https:\/\/montanasurf.org\/es\/wp-json\/wp\/v2\/comments?post=16"}],"version-history":[{"count":11,"href":"https:\/\/montanasurf.org\/es\/wp-json\/wp\/v2\/pages\/16\/revisions"}],"predecessor-version":[{"id":7956,"href":"https:\/\/montanasurf.org\/es\/wp-json\/wp\/v2\/pages\/16\/revisions\/7956"}],"wp:featuredmedia":[{"embeddable":true,"href":"https:\/\/montanasurf.org\/es\/wp-json\/wp\/v2\/media\/5350"}],"wp:attachment":[{"href":"https:\/\/montanasurf.org\/es\/wp-json\/wp\/v2\/media?parent=16"}],"curies":[{"name":"wp","href":"https:\/\/api.w.org\/{rel}","templated":true}]}}