{"id":5527,"date":"2022-03-30T14:58:43","date_gmt":"2022-03-30T21:58:43","guid":{"rendered":"https:\/\/www.montanasurf.org\/?page_id=5527"},"modified":"2023-01-26T11:12:04","modified_gmt":"2023-01-26T18:12:04","slug":"safe-sports-program","status":"publish","type":"page","link":"https:\/\/montanasurf.org\/es\/resources\/safe-sports-program\/","title":{"rendered":"Programa Deporte SEGURO"},"content":{"rendered":"<div class=\"fusion-fullwidth fullwidth-box fusion-builder-row-1 fusion-flex-container nonhundred-percent-fullwidth non-hundred-percent-height-scrolling\" style=\"--awb-border-radius-top-left:0px;--awb-border-radius-top-right:0px;--awb-border-radius-bottom-right:0px;--awb-border-radius-bottom-left:0px;--awb-flex-wrap:wrap;\" ><div class=\"fusion-builder-row fusion-row fusion-flex-align-items-flex-start fusion-flex-content-wrap\" style=\"max-width:1216.8px;margin-left: calc(-4% \/ 2 );margin-right: calc(-4% \/ 2 );\"><div class=\"fusion-layout-column fusion_builder_column fusion-builder-column-0 fusion_builder_column_1_1 1_1 fusion-flex-column\" style=\"--awb-bg-size:cover;--awb-width-large:100%;--awb-margin-top-large:0px;--awb-spacing-right-large:1.92%;--awb-margin-bottom-large:20px;--awb-spacing-left-large:1.92%;--awb-width-medium:100%;--awb-order-medium:0;--awb-spacing-right-medium:1.92%;--awb-spacing-left-medium:1.92%;--awb-width-small:100%;--awb-order-small:0;--awb-spacing-right-small:1.92%;--awb-spacing-left-small:1.92%;\"><div class=\"fusion-column-wrapper fusion-column-has-shadow fusion-flex-justify-content-flex-start fusion-content-layout-column\"><div class=\"fusion-text fusion-text-1\"><p>Programa de Deportes Seguros de Montana Surf:<\/p>\n<p>Montana Surf Safe Sport junto con Montana Youth Soccer se centran en la seguridad continua de todos nuestros participantes. Seg\u00fan la Pol\u00edtica de US Soccer 212-3, US Youth Soccer ha desarrollado el Marco de f\u00fatbol seguro como una base a partir de la cual todos los participantes en la comunidad del f\u00fatbol, ya sean atletas, entrenadores, \u00e1rbitros, administradores o voluntarios, juegan un papel activo en la creaci\u00f3n de un entorno libre de abuso emocional, f\u00edsico o sexual.<\/p>\n<p>Montana Surf \/ Blitzz FC y Montana Youth Soccer han adoptado la pol\u00edtica 212-3 de US Youth Soccer; Montana Youth Soccer ha adoptado la pol\u00edtica 212-3 para su programa de pol\u00edticas &quot;Montana Safe Soccer&quot;.<\/p>\n<p>Para obtener una descripci\u00f3n completa de la Pol\u00edtica de f\u00fatbol seguro de Montana Youth Soccer, haga clic en el enlace a continuaci\u00f3n.<\/p>\n<p><a href=\"https:\/\/www.montanayouthsoccer.com\/assets\/57\/6\/mysa_athlete___participant_safety_policy_august_2019.pdf\" target=\"_blank\" rel=\"noopener noreferrer\">Pol\u00edtica de seguridad de atletas y participantes de Montana Safe Soccer<\/a><\/p>\n<p>Para denunciar sospechas de abuso f\u00edsico o sexual, comun\u00edquese con las siguientes agencias: (Tenga en cuenta que debe comunicarse con todas las agencias).<\/p>\n<p><b>Cumplimiento de la ley local<\/b>: 911<\/p>\n<p><b>Servicios de Protecci\u00f3n Infantil<\/b> 866-820-5437 Abierto 24\/7<\/p>\n<p>800-341-8811<\/p>\n<p><b>Gerente de Riesgos de Clubes<\/b> : Pete Shatwell<\/p>\n<p>406-599-7251<\/p>\n<p>pete@montanasurf.org<\/p>\n<p><b>Gerente de Riesgos del Estado<\/b>: Jeff Schoonover<\/p>\n<p>406-565-2676<\/p>\n<p>Jeff@montanayouthsoccer.com<\/p>\n<p><b>\u00d3rgano de Gobierno Nacional<\/b>:<\/p>\n<p>N\u00famero de l\u00ednea directa de integridad de US Soccer<\/p>\n<p>(312)-528-7004<\/p>\n<p><b>F\u00fatbol de EE. UU. <\/b><\/p>\n<p><a href=\"https:\/\/www.ussoccer.com\/report-a-concern\" target=\"_blank\" rel=\"noopener noreferrer\">https:\/\/www.ussoccer.com\/report-a-concern<\/a><\/p>\n<p><b>Centro de EE. UU. para SafeSport<\/b><\/p>\n<p><a href=\"https:\/\/uscenterforsafesport.org\/report-a-concern\/\" target=\"_blank\" rel=\"noopener noreferrer\">https:\/\/uscenterforsafesport.org\/report-a-concern\/<\/a><\/p>\n<p>Para denunciar otras formas de mala conducta, como abuso emocional, intimidaci\u00f3n, novatadas o acoso:<\/p>\n<p><b>Gerente de Riesgos de Clubes<\/b> : Pete Shatwell<\/p>\n<p>406-599-7251<\/p>\n<p>pete@montanasurf.org<\/p>\n<p><b>Tablero Montana Surf \/ Blitzz FC<\/b>: Junta@montanasurf.org<\/p>\n<p><i>Todas las denuncias de acoso se investigar\u00e1n de manera r\u00e1pida, exhaustiva y discreta y, cuando sea necesario, se tomar\u00e1n las medidas correctivas adecuadas. En la medida de lo posible, se proteger\u00e1 su confidencialidad y la de los testigos y el presunto acosador contra la divulgaci\u00f3n innecesaria. Cuando se complete la investigaci\u00f3n, se le informar\u00e1 el resultado de la misma. Cualquier persona que haya acosado o intimidado ilegalmente a otro empleado estar\u00e1 sujeta a las medidas disciplinarias correspondientes, que pueden incluir el despido.<\/i><\/p>\n<\/div><\/div><\/div><\/div><\/div>","protected":false},"excerpt":{"rendered":"","protected":false},"author":7,"featured_media":5774,"parent":5264,"menu_order":0,"comment_status":"open","ping_status":"closed","template":"","meta":{"footnotes":""},"class_list":["post-5527","page","type-page","status-publish","has-post-thumbnail","hentry"],"yoast_head":"<!-- This site is optimized with the Yoast SEO plugin v27.3 - https:\/\/yoast.com\/product\/yoast-seo-wordpress\/ -->\n<title>SAFE Sports Program - Montana Surf Soccer Club<\/title>\n<meta name=\"robots\" content=\"index, follow, max-snippet:-1, max-image-preview:large, max-video-preview:-1\" \/>\n<link rel=\"canonical\" href=\"https:\/\/montanasurf.org\/es\/resources\/safe-sports-program\/\" \/>\n<meta property=\"og:locale\" content=\"es_MX\" \/>\n<meta property=\"og:type\" content=\"article\" \/>\n<meta property=\"og:title\" content=\"SAFE Sports Program - Montana Surf Soccer Club\" \/>\n<meta property=\"og:url\" content=\"https:\/\/montanasurf.org\/es\/resources\/safe-sports-program\/\" \/>\n<meta property=\"og:site_name\" content=\"Montana Surf Soccer Club\" \/>\n<meta property=\"article:publisher\" content=\"https:\/\/www.facebook.com\/MontanaSurfSoccer\" \/>\n<meta property=\"article:modified_time\" content=\"2023-01-26T18:12:04+00:00\" \/>\n<meta property=\"og:image\" content=\"https:\/\/montanasurf.org\/wp-content\/uploads\/2022\/04\/Montana-Surf-0578.jpg\" \/>\n\t<meta property=\"og:image:width\" content=\"2048\" \/>\n\t<meta property=\"og:image:height\" content=\"1365\" \/>\n\t<meta property=\"og:image:type\" content=\"image\/jpeg\" \/>\n<meta name=\"twitter:card\" content=\"summary_large_image\" \/>\n<meta name=\"twitter:label1\" content=\"Tiempo de lectura\" \/>\n\t<meta name=\"twitter:data1\" content=\"4 minutos\" \/>\n<script type=\"application\/ld+json\" class=\"yoast-schema-graph\">{\"@context\":\"https:\\\/\\\/schema.org\",\"@graph\":[{\"@type\":\"WebPage\",\"@id\":\"https:\\\/\\\/montanasurf.org\\\/resources\\\/safe-sports-program\\\/\",\"url\":\"https:\\\/\\\/montanasurf.org\\\/resources\\\/safe-sports-program\\\/\",\"name\":\"SAFE Sports Program - Montana Surf Soccer Club\",\"isPartOf\":{\"@id\":\"https:\\\/\\\/montanasurf.org\\\/#website\"},\"primaryImageOfPage\":{\"@id\":\"https:\\\/\\\/montanasurf.org\\\/resources\\\/safe-sports-program\\\/#primaryimage\"},\"image\":{\"@id\":\"https:\\\/\\\/montanasurf.org\\\/resources\\\/safe-sports-program\\\/#primaryimage\"},\"thumbnailUrl\":\"https:\\\/\\\/montanasurf.org\\\/wp-content\\\/uploads\\\/2022\\\/04\\\/Montana-Surf-0578.jpg\",\"datePublished\":\"2022-03-30T21:58:43+00:00\",\"dateModified\":\"2023-01-26T18:12:04+00:00\",\"breadcrumb\":{\"@id\":\"https:\\\/\\\/montanasurf.org\\\/resources\\\/safe-sports-program\\\/#breadcrumb\"},\"inLanguage\":\"es\",\"potentialAction\":[{\"@type\":\"ReadAction\",\"target\":[\"https:\\\/\\\/montanasurf.org\\\/resources\\\/safe-sports-program\\\/\"]}]},{\"@type\":\"ImageObject\",\"inLanguage\":\"es\",\"@id\":\"https:\\\/\\\/montanasurf.org\\\/resources\\\/safe-sports-program\\\/#primaryimage\",\"url\":\"https:\\\/\\\/montanasurf.org\\\/wp-content\\\/uploads\\\/2022\\\/04\\\/Montana-Surf-0578.jpg\",\"contentUrl\":\"https:\\\/\\\/montanasurf.org\\\/wp-content\\\/uploads\\\/2022\\\/04\\\/Montana-Surf-0578.jpg\",\"width\":2048,\"height\":1365},{\"@type\":\"BreadcrumbList\",\"@id\":\"https:\\\/\\\/montanasurf.org\\\/resources\\\/safe-sports-program\\\/#breadcrumb\",\"itemListElement\":[{\"@type\":\"ListItem\",\"position\":1,\"name\":\"Home\",\"item\":\"https:\\\/\\\/montanasurf.org\\\/\"},{\"@type\":\"ListItem\",\"position\":2,\"name\":\"Resources\",\"item\":\"https:\\\/\\\/montanasurf.org\\\/resources\\\/\"},{\"@type\":\"ListItem\",\"position\":3,\"name\":\"SAFE Sports Program\"}]},{\"@type\":\"WebSite\",\"@id\":\"https:\\\/\\\/montanasurf.org\\\/#website\",\"url\":\"https:\\\/\\\/montanasurf.org\\\/\",\"name\":\"Montana Surf Soccer Club\",\"description\":\"Montana&#039;s Premier Soccer Club\",\"publisher\":{\"@id\":\"https:\\\/\\\/montanasurf.org\\\/#organization\"},\"potentialAction\":[{\"@type\":\"SearchAction\",\"target\":{\"@type\":\"EntryPoint\",\"urlTemplate\":\"https:\\\/\\\/montanasurf.org\\\/?s={search_term_string}\"},\"query-input\":{\"@type\":\"PropertyValueSpecification\",\"valueRequired\":true,\"valueName\":\"search_term_string\"}}],\"inLanguage\":\"es\"},{\"@type\":\"Organization\",\"@id\":\"https:\\\/\\\/montanasurf.org\\\/#organization\",\"name\":\"Montana Surf Soccer\",\"url\":\"https:\\\/\\\/montanasurf.org\\\/\",\"logo\":{\"@type\":\"ImageObject\",\"inLanguage\":\"es\",\"@id\":\"https:\\\/\\\/montanasurf.org\\\/#\\\/schema\\\/logo\\\/image\\\/\",\"url\":\"https:\\\/\\\/www.montanasurf.org\\\/wp-content\\\/uploads\\\/2022\\\/03\\\/montana-surf-soccer-club.png\",\"contentUrl\":\"https:\\\/\\\/www.montanasurf.org\\\/wp-content\\\/uploads\\\/2022\\\/03\\\/montana-surf-soccer-club.png\",\"width\":89,\"height\":120,\"caption\":\"Montana Surf Soccer\"},\"image\":{\"@id\":\"https:\\\/\\\/montanasurf.org\\\/#\\\/schema\\\/logo\\\/image\\\/\"},\"sameAs\":[\"https:\\\/\\\/www.facebook.com\\\/MontanaSurfSoccer\",\"https:\\\/\\\/www.instagram.com\\\/montana_surf_\\\/\"]}]}<\/script>\n<!-- \/ Yoast SEO plugin. -->","yoast_head_json":{"title":"SAFE Sports Program - Montana Surf Soccer Club","robots":{"index":"index","follow":"follow","max-snippet":"max-snippet:-1","max-image-preview":"max-image-preview:large","max-video-preview":"max-video-preview:-1"},"canonical":"https:\/\/montanasurf.org\/es\/resources\/safe-sports-program\/","og_locale":"es_MX","og_type":"article","og_title":"SAFE Sports Program - Montana Surf Soccer Club","og_url":"https:\/\/montanasurf.org\/es\/resources\/safe-sports-program\/","og_site_name":"Montana Surf Soccer Club","article_publisher":"https:\/\/www.facebook.com\/MontanaSurfSoccer","article_modified_time":"2023-01-26T18:12:04+00:00","og_image":[{"width":2048,"height":1365,"url":"https:\/\/montanasurf.org\/wp-content\/uploads\/2022\/04\/Montana-Surf-0578.jpg","type":"image\/jpeg"}],"twitter_card":"summary_large_image","twitter_misc":{"Tiempo de lectura":"4 minutos"},"schema":{"@context":"https:\/\/schema.org","@graph":[{"@type":"WebPage","@id":"https:\/\/montanasurf.org\/resources\/safe-sports-program\/","url":"https:\/\/montanasurf.org\/resources\/safe-sports-program\/","name":"SAFE Sports Program - Montana Surf Soccer Club","isPartOf":{"@id":"https:\/\/montanasurf.org\/#website"},"primaryImageOfPage":{"@id":"https:\/\/montanasurf.org\/resources\/safe-sports-program\/#primaryimage"},"image":{"@id":"https:\/\/montanasurf.org\/resources\/safe-sports-program\/#primaryimage"},"thumbnailUrl":"https:\/\/montanasurf.org\/wp-content\/uploads\/2022\/04\/Montana-Surf-0578.jpg","datePublished":"2022-03-30T21:58:43+00:00","dateModified":"2023-01-26T18:12:04+00:00","breadcrumb":{"@id":"https:\/\/montanasurf.org\/resources\/safe-sports-program\/#breadcrumb"},"inLanguage":"es","potentialAction":[{"@type":"ReadAction","target":["https:\/\/montanasurf.org\/resources\/safe-sports-program\/"]}]},{"@type":"ImageObject","inLanguage":"es","@id":"https:\/\/montanasurf.org\/resources\/safe-sports-program\/#primaryimage","url":"https:\/\/montanasurf.org\/wp-content\/uploads\/2022\/04\/Montana-Surf-0578.jpg","contentUrl":"https:\/\/montanasurf.org\/wp-content\/uploads\/2022\/04\/Montana-Surf-0578.jpg","width":2048,"height":1365},{"@type":"BreadcrumbList","@id":"https:\/\/montanasurf.org\/resources\/safe-sports-program\/#breadcrumb","itemListElement":[{"@type":"ListItem","position":1,"name":"Home","item":"https:\/\/montanasurf.org\/"},{"@type":"ListItem","position":2,"name":"Resources","item":"https:\/\/montanasurf.org\/resources\/"},{"@type":"ListItem","position":3,"name":"SAFE Sports Program"}]},{"@type":"WebSite","@id":"https:\/\/montanasurf.org\/#website","url":"https:\/\/montanasurf.org\/","name":"Club de f\u00fatbol Montana Surf","description":"Club de f\u00fatbol Premier de Montana y #039","publisher":{"@id":"https:\/\/montanasurf.org\/#organization"},"potentialAction":[{"@type":"SearchAction","target":{"@type":"EntryPoint","urlTemplate":"https:\/\/montanasurf.org\/?s={search_term_string}"},"query-input":{"@type":"PropertyValueSpecification","valueRequired":true,"valueName":"search_term_string"}}],"inLanguage":"es"},{"@type":"Organization","@id":"https:\/\/montanasurf.org\/#organization","name":"Montana Surf Soccer","url":"https:\/\/montanasurf.org\/","logo":{"@type":"ImageObject","inLanguage":"es","@id":"https:\/\/montanasurf.org\/#\/schema\/logo\/image\/","url":"https:\/\/www.montanasurf.org\/wp-content\/uploads\/2022\/03\/montana-surf-soccer-club.png","contentUrl":"https:\/\/www.montanasurf.org\/wp-content\/uploads\/2022\/03\/montana-surf-soccer-club.png","width":89,"height":120,"caption":"Montana Surf Soccer"},"image":{"@id":"https:\/\/montanasurf.org\/#\/schema\/logo\/image\/"},"sameAs":["https:\/\/www.facebook.com\/MontanaSurfSoccer","https:\/\/www.instagram.com\/montana_surf_\/"]}]}},"_links":{"self":[{"href":"https:\/\/montanasurf.org\/es\/wp-json\/wp\/v2\/pages\/5527","targetHints":{"allow":["GET"]}}],"collection":[{"href":"https:\/\/montanasurf.org\/es\/wp-json\/wp\/v2\/pages"}],"about":[{"href":"https:\/\/montanasurf.org\/es\/wp-json\/wp\/v2\/types\/page"}],"author":[{"embeddable":true,"href":"https:\/\/montanasurf.org\/es\/wp-json\/wp\/v2\/users\/7"}],"replies":[{"embeddable":true,"href":"https:\/\/montanasurf.org\/es\/wp-json\/wp\/v2\/comments?post=5527"}],"version-history":[{"count":6,"href":"https:\/\/montanasurf.org\/es\/wp-json\/wp\/v2\/pages\/5527\/revisions"}],"predecessor-version":[{"id":6094,"href":"https:\/\/montanasurf.org\/es\/wp-json\/wp\/v2\/pages\/5527\/revisions\/6094"}],"up":[{"embeddable":true,"href":"https:\/\/montanasurf.org\/es\/wp-json\/wp\/v2\/pages\/5264"}],"wp:featuredmedia":[{"embeddable":true,"href":"https:\/\/montanasurf.org\/es\/wp-json\/wp\/v2\/media\/5774"}],"wp:attachment":[{"href":"https:\/\/montanasurf.org\/es\/wp-json\/wp\/v2\/media?parent=5527"}],"curies":[{"name":"wp","href":"https:\/\/api.w.org\/{rel}","templated":true}]}}