{"id":6158,"date":"2022-06-23T19:19:47","date_gmt":"2022-06-24T01:19:47","guid":{"rendered":"https:\/\/www.montanasurf.org\/?page_id=6158"},"modified":"2023-01-26T11:12:12","modified_gmt":"2023-01-26T18:12:12","slug":"were-hiring","status":"publish","type":"page","link":"https:\/\/montanasurf.org\/es\/were-hiring\/","title":{"rendered":"TRABAJO PARA SURF"},"content":{"rendered":"<p><em>En Montana Surf, nos enfocamos en construir equipos fuertes compuestos por jugadores amables y dedicados con mentalidad de crecimiento y pasi\u00f3n por los deportes juveniles. La Junta Directiva de Montana Surf est\u00e1 buscando actualmente a un jugador clave para unirse a nuestro equipo: un registrador. Esta posici\u00f3n cr\u00edtica est\u00e1 a cargo de administrar el proceso de registro para nuestros jugadores y familias. Los candidatos ideales tendr\u00e1n excelentes habilidades organizativas y personales y se caracterizar\u00e1n como &quot;jugadores de equipo&quot;. Por favor, consulte la descripci\u00f3n del trabajo a continuaci\u00f3n. Si est\u00e1 interesado en obtener m\u00e1s informaci\u00f3n sobre el puesto o desea postularse, comun\u00edquese con Montana Surf al 406-600-8146.\u00a0<\/em><\/p>\n<p>&nbsp;<\/p>\n<p><b>Descripci\u00f3n del puesto de registrador de surf de Montana<\/b><b>\u00a0<\/b><\/p>\n<p>&nbsp;<\/p>\n<p><span style=\"text-decoration: underline;\"><strong>T\u00edtulo del trabajo \/ Fecha<\/strong><\/span><\/p>\n<table>\n<tbody>\n<tr>\n<td><span style=\"font-weight: 400;\">Registrador\u00a0<\/span><\/td>\n<td><span style=\"font-weight: 400;\">6\/21\/2022<\/span><\/td>\n<\/tr>\n<\/tbody>\n<\/table>\n<p>&nbsp;<\/p>\n<p><span style=\"text-decoration: underline;\"><strong>Supervisor de Departamento\/Unidad de Negocio\u00a0<\/strong><\/span><\/p>\n<table>\n<tbody>\n<tr>\n<td><span style=\"font-weight: 400;\">Operaciones de surf de Montana\u00a0<\/span><\/td>\n<td><span style=\"font-weight: 400;\">Copresidentes de la tabla de surf de Montana<\/span><\/td>\n<\/tr>\n<\/tbody>\n<\/table>\n<p>&nbsp;<\/p>\n<p><span style=\"text-decoration: underline;\"><strong>Prop\u00f3sito del trabajo\u00a0<\/strong><\/span><\/p>\n<table>\n<tbody>\n<tr>\n<td><span style=\"font-weight: 400;\">El registrador es una posici\u00f3n cr\u00edtica para el Montana Surf Soccer Club. El objetivo del departamento de operaciones es hacer de cada interacci\u00f3n con el club una experiencia memorable. El registrador contribuye en gran medida a esa tarea al brindar servicios para inscribir a los futbolistas en el club de manera r\u00e1pida y segura.\u00a0\u00a0<\/span><\/p>\n<p><span style=\"font-weight: 400;\">El registro del club es la primera experiencia para las familias que se unen al club y debe ser una interacci\u00f3n positiva que inculque la confianza de los participantes en el funcionamiento de los programas. Por lo tanto, Montana Surf mantiene una respuesta r\u00e1pida a las consultas relacionadas con el registro, el entrenamiento, la gesti\u00f3n del equipo, la coordinaci\u00f3n de los \u00e1rbitros, las quejas y las solicitudes de la junta.<\/span><\/td>\n<\/tr>\n<\/tbody>\n<\/table>\n<p>&nbsp;<\/p>\n<p><span style=\"font-weight: 400;\"><span style=\"text-decoration: underline;\"><strong>Responsabilidades<\/strong><\/span>\u00a0<\/span><\/p>\n<table>\n<tbody>\n<tr>\n<td><span style=\"font-weight: 400;\">\u2219 <\/span><span style=\"font-weight: 400;\">Organizar y respaldar todo el proceso de registro, incluidos los jugadores nuevos, las transferencias, las listas, las tarjetas de los jugadores y los jugadores invitados.\u00a0<\/span><\/p>\n<p><span style=\"font-weight: 400;\">\u2219 <\/span><span style=\"font-weight: 400;\">Apoyar y solucionar problemas de los sistemas de registro en l\u00ednea, el cumplimiento de Safesport y la acreditaci\u00f3n de jugadores\/entrenadores y cualquier persona que interact\u00fae con los j\u00f3venes.\u00a0<\/span><\/p>\n<p><span style=\"font-weight: 400;\">\u2219 <\/span><span style=\"font-weight: 400;\">Ayudar a los jefes de equipo con TeamSnap, registro, reglas y comunicaci\u00f3n <\/span><span style=\"font-weight: 400;\">\u2219 <\/span><span style=\"font-weight: 400;\">Administre toda la comunicaci\u00f3n con los entrenadores sobre el registro, el software en l\u00ednea, la formaci\u00f3n del equipo y los plazos.\u00a0<\/span><\/p>\n<p><span style=\"font-weight: 400;\">\u2219 <\/span><span style=\"font-weight: 400;\">Manejar la organizaci\u00f3n y log\u00edstica de los torneos organizados por el Montana Surf Soccer Club. <\/span><span style=\"font-weight: 400;\">\u2219 <\/span><span style=\"font-weight: 400;\">Trabaje con el tenedor de libros para mantener en orden las cuentas de registro, las devoluciones de cargo y los reembolsos.\u00a0<\/span><\/p>\n<p><span style=\"font-weight: 400;\">\u2219 <\/span><span style=\"font-weight: 400;\">Realice un seguimiento del trabajo por hora e informe al contable\u00a0<\/span><\/p>\n<p><span style=\"font-weight: 400;\">\u2219 <\/span><span style=\"font-weight: 400;\">Mantenga la flexibilidad para ayudar con los cambios de \u00faltima hora en la lista cuando sea necesario <\/span><span style=\"font-weight: 400;\">\u2219 <\/span><span style=\"font-weight: 400;\">Otras funciones que le sean asignadas<\/span><\/td>\n<\/tr>\n<\/tbody>\n<\/table>\n<p>&nbsp;<\/p>\n<p><span style=\"text-decoration: underline;\"><strong>Cualificaciones laborales\u00a0<\/strong><\/span><\/p>\n<table>\n<tbody>\n<tr>\n<td><span style=\"font-weight: 400;\">\u2219 <\/span><span style=\"font-weight: 400;\">Excelentes habilidades de personas\u00a0<\/span><\/p>\n<p><span style=\"font-weight: 400;\">\u2219 <\/span><span style=\"font-weight: 400;\">Trabajar de forma independiente para gestionar tareas.\u00a0<\/span><\/p>\n<p><span style=\"font-weight: 400;\">\u2219 <\/span><span style=\"font-weight: 400;\">Trabajar sin supervisi\u00f3n\u00a0<\/span><\/p>\n<p><span style=\"font-weight: 400;\">\u2219 <\/span><span style=\"font-weight: 400;\">Alfabetizaci\u00f3n inform\u00e1tica: operaciones inform\u00e1ticas, software relacionado y equipo de oficina: MS Office (Word, Excel, PPT<\/span><span style=\"font-weight: 400;\">)\u00a0<\/span><\/p>\n<p><span style=\"font-weight: 400;\">\u2219 <\/span><span style=\"font-weight: 400;\">Fuertes habilidades de escritura.\u00a0<\/span><\/p>\n<p><span style=\"font-weight: 400;\">\u2219 <\/span><span style=\"font-weight: 400;\">Experto en aprender nuevo software\u00a0<\/span><\/p>\n<p><span style=\"font-weight: 400;\">\u2219 <\/span><span style=\"font-weight: 400;\">Experiencia en capacitar a otros sobre c\u00f3mo usar el software<\/span><\/td>\n<\/tr>\n<\/tbody>\n<\/table>\n<p>&nbsp;<\/p>\n<p><span style=\"font-weight: 400;\">Creado por: Comit\u00e9 de Recursos Humanos de la Junta de Surf de Montana\u00a0<\/span><\/p>\n<p><span style=\"font-weight: 400;\">Creado\/actualizado el: 21\/06\/2022\u00a0<\/span><\/p>\n<p><span style=\"font-weight: 400;\">Aprobaci\u00f3n de Recursos Humanos: 21\/06\/2022\u00a0<\/span><\/p>\n<p><span style=\"font-weight: 400;\">\u00a9 2002, 2012 Zywave, Inc. Todos los derechos reservados.\u00a0<\/span><\/p>","protected":false},"excerpt":{"rendered":"<p>At Montana Surf, we focus on building strong teams made up of kind, dedicated players with growth mindsets and a passion for youth sports. The Montana Surf Board of Directors is currently looking for a key player to join our team: a Registrar.\u00a0 This critical position is charged with managing the registration process for our<\/p>","protected":false},"author":7,"featured_media":6107,"parent":0,"menu_order":0,"comment_status":"open","ping_status":"closed","template":"","meta":{"footnotes":""},"class_list":["post-6158","page","type-page","status-publish","has-post-thumbnail","hentry"],"yoast_head":"<!-- This site is optimized with the Yoast SEO plugin v27.5 - https:\/\/yoast.com\/product\/yoast-seo-wordpress\/ -->\n<title>WORK FOR SURF - Montana Surf Soccer Club<\/title>\n<meta name=\"robots\" content=\"index, follow, max-snippet:-1, max-image-preview:large, max-video-preview:-1\" \/>\n<link rel=\"canonical\" href=\"https:\/\/montanasurf.org\/es\/were-hiring\/\" \/>\n<meta property=\"og:locale\" content=\"es_MX\" \/>\n<meta property=\"og:type\" content=\"article\" \/>\n<meta property=\"og:title\" content=\"WORK FOR SURF - Montana Surf Soccer Club\" \/>\n<meta property=\"og:description\" content=\"At Montana Surf, we focus on building strong teams made up of kind, dedicated players with growth mindsets and a passion for youth sports. The Montana Surf Board of Directors is currently looking for a key player to join our team: a Registrar.\u00a0 This critical position is charged with managing the registration process for our\" \/>\n<meta property=\"og:url\" content=\"https:\/\/montanasurf.org\/es\/were-hiring\/\" \/>\n<meta property=\"og:site_name\" content=\"Montana Surf Soccer Club\" \/>\n<meta property=\"article:publisher\" content=\"https:\/\/www.facebook.com\/MontanaSurfSoccer\" \/>\n<meta property=\"article:modified_time\" content=\"2023-01-26T18:12:12+00:00\" \/>\n<meta property=\"og:image\" content=\"https:\/\/montanasurf.org\/wp-content\/uploads\/2022\/06\/IMG_0489.jpg\" \/>\n\t<meta property=\"og:image:width\" content=\"1125\" \/>\n\t<meta property=\"og:image:height\" content=\"750\" \/>\n\t<meta property=\"og:image:type\" content=\"image\/jpeg\" \/>\n<meta name=\"twitter:card\" content=\"summary_large_image\" \/>\n<meta name=\"twitter:label1\" content=\"Tiempo de lectura\" \/>\n\t<meta name=\"twitter:data1\" content=\"2 minutos\" \/>\n<script type=\"application\/ld+json\" class=\"yoast-schema-graph\">{\"@context\":\"https:\\\/\\\/schema.org\",\"@graph\":[{\"@type\":\"WebPage\",\"@id\":\"https:\\\/\\\/montanasurf.org\\\/were-hiring\\\/\",\"url\":\"https:\\\/\\\/montanasurf.org\\\/were-hiring\\\/\",\"name\":\"WORK FOR SURF - Montana Surf Soccer Club\",\"isPartOf\":{\"@id\":\"https:\\\/\\\/montanasurf.org\\\/#website\"},\"primaryImageOfPage\":{\"@id\":\"https:\\\/\\\/montanasurf.org\\\/were-hiring\\\/#primaryimage\"},\"image\":{\"@id\":\"https:\\\/\\\/montanasurf.org\\\/were-hiring\\\/#primaryimage\"},\"thumbnailUrl\":\"https:\\\/\\\/montanasurf.org\\\/wp-content\\\/uploads\\\/2022\\\/06\\\/IMG_0489.jpg\",\"datePublished\":\"2022-06-24T01:19:47+00:00\",\"dateModified\":\"2023-01-26T18:12:12+00:00\",\"breadcrumb\":{\"@id\":\"https:\\\/\\\/montanasurf.org\\\/were-hiring\\\/#breadcrumb\"},\"inLanguage\":\"es\",\"potentialAction\":[{\"@type\":\"ReadAction\",\"target\":[\"https:\\\/\\\/montanasurf.org\\\/were-hiring\\\/\"]}]},{\"@type\":\"ImageObject\",\"inLanguage\":\"es\",\"@id\":\"https:\\\/\\\/montanasurf.org\\\/were-hiring\\\/#primaryimage\",\"url\":\"https:\\\/\\\/montanasurf.org\\\/wp-content\\\/uploads\\\/2022\\\/06\\\/IMG_0489.jpg\",\"contentUrl\":\"https:\\\/\\\/montanasurf.org\\\/wp-content\\\/uploads\\\/2022\\\/06\\\/IMG_0489.jpg\",\"width\":1125,\"height\":750},{\"@type\":\"BreadcrumbList\",\"@id\":\"https:\\\/\\\/montanasurf.org\\\/were-hiring\\\/#breadcrumb\",\"itemListElement\":[{\"@type\":\"ListItem\",\"position\":1,\"name\":\"Home\",\"item\":\"https:\\\/\\\/montanasurf.org\\\/\"},{\"@type\":\"ListItem\",\"position\":2,\"name\":\"WORK FOR SURF\"}]},{\"@type\":\"WebSite\",\"@id\":\"https:\\\/\\\/montanasurf.org\\\/#website\",\"url\":\"https:\\\/\\\/montanasurf.org\\\/\",\"name\":\"Montana Surf Soccer Club\",\"description\":\"Montana&#039;s Premier Soccer Club\",\"publisher\":{\"@id\":\"https:\\\/\\\/montanasurf.org\\\/#organization\"},\"potentialAction\":[{\"@type\":\"SearchAction\",\"target\":{\"@type\":\"EntryPoint\",\"urlTemplate\":\"https:\\\/\\\/montanasurf.org\\\/?s={search_term_string}\"},\"query-input\":{\"@type\":\"PropertyValueSpecification\",\"valueRequired\":true,\"valueName\":\"search_term_string\"}}],\"inLanguage\":\"es\"},{\"@type\":\"Organization\",\"@id\":\"https:\\\/\\\/montanasurf.org\\\/#organization\",\"name\":\"Montana Surf Soccer\",\"url\":\"https:\\\/\\\/montanasurf.org\\\/\",\"logo\":{\"@type\":\"ImageObject\",\"inLanguage\":\"es\",\"@id\":\"https:\\\/\\\/montanasurf.org\\\/#\\\/schema\\\/logo\\\/image\\\/\",\"url\":\"https:\\\/\\\/www.montanasurf.org\\\/wp-content\\\/uploads\\\/2022\\\/03\\\/montana-surf-soccer-club.png\",\"contentUrl\":\"https:\\\/\\\/www.montanasurf.org\\\/wp-content\\\/uploads\\\/2022\\\/03\\\/montana-surf-soccer-club.png\",\"width\":89,\"height\":120,\"caption\":\"Montana Surf Soccer\"},\"image\":{\"@id\":\"https:\\\/\\\/montanasurf.org\\\/#\\\/schema\\\/logo\\\/image\\\/\"},\"sameAs\":[\"https:\\\/\\\/www.facebook.com\\\/MontanaSurfSoccer\",\"https:\\\/\\\/www.instagram.com\\\/montana_surf_\\\/\"]}]}<\/script>\n<!-- \/ Yoast SEO plugin. -->","yoast_head_json":{"title":"WORK FOR SURF - Montana Surf Soccer Club","robots":{"index":"index","follow":"follow","max-snippet":"max-snippet:-1","max-image-preview":"max-image-preview:large","max-video-preview":"max-video-preview:-1"},"canonical":"https:\/\/montanasurf.org\/es\/were-hiring\/","og_locale":"es_MX","og_type":"article","og_title":"WORK FOR SURF - Montana Surf Soccer Club","og_description":"At Montana Surf, we focus on building strong teams made up of kind, dedicated players with growth mindsets and a passion for youth sports. The Montana Surf Board of Directors is currently looking for a key player to join our team: a Registrar.\u00a0 This critical position is charged with managing the registration process for our","og_url":"https:\/\/montanasurf.org\/es\/were-hiring\/","og_site_name":"Montana Surf Soccer Club","article_publisher":"https:\/\/www.facebook.com\/MontanaSurfSoccer","article_modified_time":"2023-01-26T18:12:12+00:00","og_image":[{"width":1125,"height":750,"url":"https:\/\/montanasurf.org\/wp-content\/uploads\/2022\/06\/IMG_0489.jpg","type":"image\/jpeg"}],"twitter_card":"summary_large_image","twitter_misc":{"Tiempo de lectura":"2 minutos"},"schema":{"@context":"https:\/\/schema.org","@graph":[{"@type":"WebPage","@id":"https:\/\/montanasurf.org\/were-hiring\/","url":"https:\/\/montanasurf.org\/were-hiring\/","name":"WORK FOR SURF - Montana Surf Soccer Club","isPartOf":{"@id":"https:\/\/montanasurf.org\/#website"},"primaryImageOfPage":{"@id":"https:\/\/montanasurf.org\/were-hiring\/#primaryimage"},"image":{"@id":"https:\/\/montanasurf.org\/were-hiring\/#primaryimage"},"thumbnailUrl":"https:\/\/montanasurf.org\/wp-content\/uploads\/2022\/06\/IMG_0489.jpg","datePublished":"2022-06-24T01:19:47+00:00","dateModified":"2023-01-26T18:12:12+00:00","breadcrumb":{"@id":"https:\/\/montanasurf.org\/were-hiring\/#breadcrumb"},"inLanguage":"es","potentialAction":[{"@type":"ReadAction","target":["https:\/\/montanasurf.org\/were-hiring\/"]}]},{"@type":"ImageObject","inLanguage":"es","@id":"https:\/\/montanasurf.org\/were-hiring\/#primaryimage","url":"https:\/\/montanasurf.org\/wp-content\/uploads\/2022\/06\/IMG_0489.jpg","contentUrl":"https:\/\/montanasurf.org\/wp-content\/uploads\/2022\/06\/IMG_0489.jpg","width":1125,"height":750},{"@type":"BreadcrumbList","@id":"https:\/\/montanasurf.org\/were-hiring\/#breadcrumb","itemListElement":[{"@type":"ListItem","position":1,"name":"Home","item":"https:\/\/montanasurf.org\/"},{"@type":"ListItem","position":2,"name":"WORK FOR SURF"}]},{"@type":"WebSite","@id":"https:\/\/montanasurf.org\/#website","url":"https:\/\/montanasurf.org\/","name":"Club de f\u00fatbol Montana Surf","description":"Club de f\u00fatbol Premier de Montana y #039","publisher":{"@id":"https:\/\/montanasurf.org\/#organization"},"potentialAction":[{"@type":"SearchAction","target":{"@type":"EntryPoint","urlTemplate":"https:\/\/montanasurf.org\/?s={search_term_string}"},"query-input":{"@type":"PropertyValueSpecification","valueRequired":true,"valueName":"search_term_string"}}],"inLanguage":"es"},{"@type":"Organization","@id":"https:\/\/montanasurf.org\/#organization","name":"Montana Surf Soccer","url":"https:\/\/montanasurf.org\/","logo":{"@type":"ImageObject","inLanguage":"es","@id":"https:\/\/montanasurf.org\/#\/schema\/logo\/image\/","url":"https:\/\/www.montanasurf.org\/wp-content\/uploads\/2022\/03\/montana-surf-soccer-club.png","contentUrl":"https:\/\/www.montanasurf.org\/wp-content\/uploads\/2022\/03\/montana-surf-soccer-club.png","width":89,"height":120,"caption":"Montana Surf Soccer"},"image":{"@id":"https:\/\/montanasurf.org\/#\/schema\/logo\/image\/"},"sameAs":["https:\/\/www.facebook.com\/MontanaSurfSoccer","https:\/\/www.instagram.com\/montana_surf_\/"]}]}},"_links":{"self":[{"href":"https:\/\/montanasurf.org\/es\/wp-json\/wp\/v2\/pages\/6158","targetHints":{"allow":["GET"]}}],"collection":[{"href":"https:\/\/montanasurf.org\/es\/wp-json\/wp\/v2\/pages"}],"about":[{"href":"https:\/\/montanasurf.org\/es\/wp-json\/wp\/v2\/types\/page"}],"author":[{"embeddable":true,"href":"https:\/\/montanasurf.org\/es\/wp-json\/wp\/v2\/users\/7"}],"replies":[{"embeddable":true,"href":"https:\/\/montanasurf.org\/es\/wp-json\/wp\/v2\/comments?post=6158"}],"version-history":[{"count":2,"href":"https:\/\/montanasurf.org\/es\/wp-json\/wp\/v2\/pages\/6158\/revisions"}],"predecessor-version":[{"id":6160,"href":"https:\/\/montanasurf.org\/es\/wp-json\/wp\/v2\/pages\/6158\/revisions\/6160"}],"wp:featuredmedia":[{"embeddable":true,"href":"https:\/\/montanasurf.org\/es\/wp-json\/wp\/v2\/media\/6107"}],"wp:attachment":[{"href":"https:\/\/montanasurf.org\/es\/wp-json\/wp\/v2\/media?parent=6158"}],"curies":[{"name":"wp","href":"https:\/\/api.w.org\/{rel}","templated":true}]}}