{"id":6986,"date":"2022-12-17T17:21:36","date_gmt":"2022-12-18T00:21:36","guid":{"rendered":"https:\/\/www.montanasurf.org\/?page_id=6986"},"modified":"2024-07-02T13:29:14","modified_gmt":"2024-07-02T19:29:14","slug":"giving-f-a-q-s","status":"publish","type":"page","link":"https:\/\/montanasurf.org\/es\/giving-f-a-q-s\/","title":{"rendered":"Giving F.A.Q.s"},"content":{"rendered":"<div class=\"fusion-fullwidth fullwidth-box fusion-builder-row-1 fusion-flex-container nonhundred-percent-fullwidth non-hundred-percent-height-scrolling\" style=\"--awb-border-radius-top-left:0px;--awb-border-radius-top-right:0px;--awb-border-radius-bottom-right:0px;--awb-border-radius-bottom-left:0px;--awb-flex-wrap:wrap;\" ><div class=\"fusion-builder-row fusion-row fusion-flex-align-items-flex-start fusion-flex-content-wrap\" style=\"max-width:1216.8px;margin-left: calc(-4% \/ 2 );margin-right: calc(-4% \/ 2 );\"><div class=\"fusion-layout-column fusion_builder_column fusion-builder-column-0 fusion_builder_column_1_1 1_1 fusion-flex-column\" style=\"--awb-bg-blend:overlay;--awb-bg-size:cover;--awb-width-large:100%;--awb-margin-top-large:0px;--awb-spacing-right-large:1.92%;--awb-margin-bottom-large:0px;--awb-spacing-left-large:1.92%;--awb-width-medium:100%;--awb-spacing-right-medium:1.92%;--awb-spacing-left-medium:1.92%;--awb-width-small:100%;--awb-spacing-right-small:1.92%;--awb-spacing-left-small:1.92%;\"><div class=\"fusion-column-wrapper fusion-flex-justify-content-flex-start fusion-content-layout-column\"><div class=\"fusion-text fusion-text-1\"><p><span style=\"text-decoration: underline;\"><strong>PREGUNTAS FRECUENTES<\/strong><\/span><\/p>\n<p><strong>P: \u00bfLas tarifas del equipo no cubren el costo total de funcionamiento del Montana Surf Soccer Club?<\/strong><\/p>\n<p>No. Fees only cover 85% of our operating budget. The Montana Surf Annual Fund, like annual funds at most non-profit organizations, is designed to make up for that difference. Our goal for the 2023 Montana Surf Annual Fund is $110,000.<\/p>\n<p><strong>P: \u00bfQu\u00e9 respalda mi donaci\u00f3n? <\/strong><\/p>\n<p>Los obsequios son importantes para todos los aspectos de Montana Surf Soccer Club. El apoyo filantr\u00f3pico permite que Montana Surf atraiga y retenga entrenadores destacados, fortalezca el programa de becas, brinde una programaci\u00f3n rica y diversa de f\u00fatbol durante todo el a\u00f1o, ofrezca a nuestros entrenadores educaci\u00f3n y enriquecimiento dise\u00f1ado para mejorar las experiencias de los jugadores y comprar equipos de calidad. El Fondo Anual de Montana Surf mejora todos los aspectos de Montana Surf todos los d\u00edas.<\/p>\n<p><strong>P: \u00bfCu\u00e1nto dinero se destina a becas?<\/strong><\/p>\n<p>A: The Soccer Education Foundation\/DBA Montana Surf is a 501c3 non-profit organization and receives no financial support from the government. $31,000 from our budget was allocated to financial assistance in 2023.<\/p>\n<p><strong>P: \u00bfPor qu\u00e9 no aumentar las tarifas para cubrir el costo del programa? <\/strong><\/p>\n<p>R: A medida que Gallatin Valley crece y aumenta el costo de vida y de hacer negocios aqu\u00ed, creemos que es crucial mantener nuestros programas asequibles para todas las familias. Las cuotas de los jugadores m\u00e1s un fondo anual fuerte le permiten al club cubrir los costos inmediatos de nuestra mejor programaci\u00f3n en su clase. El apoyo tambi\u00e9n permite a Montana Surf lograr una poblaci\u00f3n de jugadores socioecon\u00f3micamente diversa, a la vez que atrae y retiene a los mejores y m\u00e1s talentosos entrenadores y personal.<\/p>\n<p><strong>P: \u00bfCu\u00e1nto debemos dar?<\/strong><\/p>\n<p>R: Nuestro objetivo es la participaci\u00f3n 100% y su donaci\u00f3n, de cualquier cantidad, nos ayuda a alcanzar ese objetivo. Las donaciones van desde $5 hasta m\u00e1s de $25,000. Los obsequios de todas las cantidades son muy apreciados. Los altos niveles de participaci\u00f3n en el Fondo Anual demuestran el apoyo de la comunidad.<\/p>\n<p><strong>P: \u00bfMontana Surf acepta regalos a juego? <\/strong><\/p>\n<p>R: Absolutamente. Montana Surf agradece a las corporaciones que apoyan al club a trav\u00e9s de generosos programas de contrapartida. Este tipo de apoyo corporativo puede marcar una diferencia significativa en nuestros esfuerzos de recaudaci\u00f3n de fondos, duplicando o triplicando el tama\u00f1o de su donaci\u00f3n. Comun\u00edquese con el departamento de Recursos Humanos de su empleador para obtener informaci\u00f3n sobre la correspondencia de obsequios con organizaciones sin fines de lucro.<\/p>\n<p><strong>P: \u00bfCu\u00e1les son los niveles de donaci\u00f3n? <\/strong><\/p>\n<p>A:<\/p>\n<p>Liga de Campeones $25,000+<\/p>\n<p>Liga Premier $10,000-$24,999<\/p>\n<p>Selecci\u00f3n Nacional $5,000-$9,999<\/p>\n<p>PAO $2,500-$4,999<\/p>\n<p>Selecci\u00f3n de navegaci\u00f3n $1,000-$2,499<\/p>\n<p>Competitivo $500-$999<\/p>\n<p>Academia $100-$499<\/p>\n<p>Equipo de grabaci\u00f3n 0-$99<\/p>\n<p>CONTACTOS IMPORTANTES DEL FONDO ANUAL DE SURF DE MONTANA:<\/p>\n<p>cate wright<\/p>\n<p>Presidente del Fondo Anual Montana Surf<\/p>\n<p><a href=\"mailto:catewright99@gmail.com\" target=\"_blank\" rel=\"nofollow noopener noreferrer\">cate@montanasurf.org<\/a><\/p>\n<\/div><\/div><\/div><\/div><\/div>","protected":false},"excerpt":{"rendered":"","protected":false},"author":7,"featured_media":6361,"parent":0,"menu_order":0,"comment_status":"closed","ping_status":"closed","template":"","meta":{"footnotes":""},"class_list":["post-6986","page","type-page","status-publish","has-post-thumbnail","hentry"],"yoast_head":"<!-- This site is optimized with the Yoast SEO plugin v27.4 - https:\/\/yoast.com\/product\/yoast-seo-wordpress\/ -->\n<title>Giving F.A.Q.s - Montana Surf Soccer Club<\/title>\n<meta name=\"robots\" content=\"index, follow, max-snippet:-1, max-image-preview:large, max-video-preview:-1\" \/>\n<link rel=\"canonical\" href=\"https:\/\/montanasurf.org\/es\/giving-f-a-q-s\/\" \/>\n<meta property=\"og:locale\" content=\"es_MX\" \/>\n<meta property=\"og:type\" content=\"article\" \/>\n<meta property=\"og:title\" content=\"Giving F.A.Q.s - Montana Surf Soccer Club\" \/>\n<meta property=\"og:url\" content=\"https:\/\/montanasurf.org\/es\/giving-f-a-q-s\/\" \/>\n<meta property=\"og:site_name\" content=\"Montana Surf Soccer Club\" \/>\n<meta property=\"article:publisher\" content=\"https:\/\/www.facebook.com\/MontanaSurfSoccer\" \/>\n<meta property=\"article:modified_time\" content=\"2024-07-02T19:29:14+00:00\" \/>\n<meta property=\"og:image\" content=\"https:\/\/montanasurf.org\/wp-content\/uploads\/2022\/10\/YKOC-090422-6828-1024x683.jpg\" \/>\n\t<meta property=\"og:image:width\" content=\"1024\" \/>\n\t<meta property=\"og:image:height\" content=\"683\" \/>\n\t<meta property=\"og:image:type\" content=\"image\/jpeg\" \/>\n<meta name=\"twitter:card\" content=\"summary_large_image\" \/>\n<meta name=\"twitter:label1\" content=\"Tiempo de lectura\" \/>\n\t<meta name=\"twitter:data1\" content=\"3 minutos\" \/>\n<script type=\"application\/ld+json\" class=\"yoast-schema-graph\">{\"@context\":\"https:\\\/\\\/schema.org\",\"@graph\":[{\"@type\":\"WebPage\",\"@id\":\"https:\\\/\\\/montanasurf.org\\\/giving-f-a-q-s\\\/\",\"url\":\"https:\\\/\\\/montanasurf.org\\\/giving-f-a-q-s\\\/\",\"name\":\"Giving F.A.Q.s - Montana Surf Soccer Club\",\"isPartOf\":{\"@id\":\"https:\\\/\\\/montanasurf.org\\\/#website\"},\"primaryImageOfPage\":{\"@id\":\"https:\\\/\\\/montanasurf.org\\\/giving-f-a-q-s\\\/#primaryimage\"},\"image\":{\"@id\":\"https:\\\/\\\/montanasurf.org\\\/giving-f-a-q-s\\\/#primaryimage\"},\"thumbnailUrl\":\"https:\\\/\\\/montanasurf.org\\\/wp-content\\\/uploads\\\/2022\\\/10\\\/YKOC-090422-6828-scaled.jpg\",\"datePublished\":\"2022-12-18T00:21:36+00:00\",\"dateModified\":\"2024-07-02T19:29:14+00:00\",\"breadcrumb\":{\"@id\":\"https:\\\/\\\/montanasurf.org\\\/giving-f-a-q-s\\\/#breadcrumb\"},\"inLanguage\":\"es\",\"potentialAction\":[{\"@type\":\"ReadAction\",\"target\":[\"https:\\\/\\\/montanasurf.org\\\/giving-f-a-q-s\\\/\"]}]},{\"@type\":\"ImageObject\",\"inLanguage\":\"es\",\"@id\":\"https:\\\/\\\/montanasurf.org\\\/giving-f-a-q-s\\\/#primaryimage\",\"url\":\"https:\\\/\\\/montanasurf.org\\\/wp-content\\\/uploads\\\/2022\\\/10\\\/YKOC-090422-6828-scaled.jpg\",\"contentUrl\":\"https:\\\/\\\/montanasurf.org\\\/wp-content\\\/uploads\\\/2022\\\/10\\\/YKOC-090422-6828-scaled.jpg\",\"width\":2560,\"height\":1707},{\"@type\":\"BreadcrumbList\",\"@id\":\"https:\\\/\\\/montanasurf.org\\\/giving-f-a-q-s\\\/#breadcrumb\",\"itemListElement\":[{\"@type\":\"ListItem\",\"position\":1,\"name\":\"Home\",\"item\":\"https:\\\/\\\/montanasurf.org\\\/\"},{\"@type\":\"ListItem\",\"position\":2,\"name\":\"Giving F.A.Q.s\"}]},{\"@type\":\"WebSite\",\"@id\":\"https:\\\/\\\/montanasurf.org\\\/#website\",\"url\":\"https:\\\/\\\/montanasurf.org\\\/\",\"name\":\"Montana Surf Soccer Club\",\"description\":\"Montana&#039;s Premier Soccer Club\",\"publisher\":{\"@id\":\"https:\\\/\\\/montanasurf.org\\\/#organization\"},\"potentialAction\":[{\"@type\":\"SearchAction\",\"target\":{\"@type\":\"EntryPoint\",\"urlTemplate\":\"https:\\\/\\\/montanasurf.org\\\/?s={search_term_string}\"},\"query-input\":{\"@type\":\"PropertyValueSpecification\",\"valueRequired\":true,\"valueName\":\"search_term_string\"}}],\"inLanguage\":\"es\"},{\"@type\":\"Organization\",\"@id\":\"https:\\\/\\\/montanasurf.org\\\/#organization\",\"name\":\"Montana Surf Soccer\",\"url\":\"https:\\\/\\\/montanasurf.org\\\/\",\"logo\":{\"@type\":\"ImageObject\",\"inLanguage\":\"es\",\"@id\":\"https:\\\/\\\/montanasurf.org\\\/#\\\/schema\\\/logo\\\/image\\\/\",\"url\":\"https:\\\/\\\/www.montanasurf.org\\\/wp-content\\\/uploads\\\/2022\\\/03\\\/montana-surf-soccer-club.png\",\"contentUrl\":\"https:\\\/\\\/www.montanasurf.org\\\/wp-content\\\/uploads\\\/2022\\\/03\\\/montana-surf-soccer-club.png\",\"width\":89,\"height\":120,\"caption\":\"Montana Surf Soccer\"},\"image\":{\"@id\":\"https:\\\/\\\/montanasurf.org\\\/#\\\/schema\\\/logo\\\/image\\\/\"},\"sameAs\":[\"https:\\\/\\\/www.facebook.com\\\/MontanaSurfSoccer\",\"https:\\\/\\\/www.instagram.com\\\/montana_surf_\\\/\"]}]}<\/script>\n<!-- \/ Yoast SEO plugin. -->","yoast_head_json":{"title":"Giving F.A.Q.s - Montana Surf Soccer Club","robots":{"index":"index","follow":"follow","max-snippet":"max-snippet:-1","max-image-preview":"max-image-preview:large","max-video-preview":"max-video-preview:-1"},"canonical":"https:\/\/montanasurf.org\/es\/giving-f-a-q-s\/","og_locale":"es_MX","og_type":"article","og_title":"Giving F.A.Q.s - Montana Surf Soccer Club","og_url":"https:\/\/montanasurf.org\/es\/giving-f-a-q-s\/","og_site_name":"Montana Surf Soccer Club","article_publisher":"https:\/\/www.facebook.com\/MontanaSurfSoccer","article_modified_time":"2024-07-02T19:29:14+00:00","og_image":[{"width":1024,"height":683,"url":"https:\/\/montanasurf.org\/wp-content\/uploads\/2022\/10\/YKOC-090422-6828-1024x683.jpg","type":"image\/jpeg"}],"twitter_card":"summary_large_image","twitter_misc":{"Tiempo de lectura":"3 minutos"},"schema":{"@context":"https:\/\/schema.org","@graph":[{"@type":"WebPage","@id":"https:\/\/montanasurf.org\/giving-f-a-q-s\/","url":"https:\/\/montanasurf.org\/giving-f-a-q-s\/","name":"Giving F.A.Q.s - Montana Surf Soccer Club","isPartOf":{"@id":"https:\/\/montanasurf.org\/#website"},"primaryImageOfPage":{"@id":"https:\/\/montanasurf.org\/giving-f-a-q-s\/#primaryimage"},"image":{"@id":"https:\/\/montanasurf.org\/giving-f-a-q-s\/#primaryimage"},"thumbnailUrl":"https:\/\/montanasurf.org\/wp-content\/uploads\/2022\/10\/YKOC-090422-6828-scaled.jpg","datePublished":"2022-12-18T00:21:36+00:00","dateModified":"2024-07-02T19:29:14+00:00","breadcrumb":{"@id":"https:\/\/montanasurf.org\/giving-f-a-q-s\/#breadcrumb"},"inLanguage":"es","potentialAction":[{"@type":"ReadAction","target":["https:\/\/montanasurf.org\/giving-f-a-q-s\/"]}]},{"@type":"ImageObject","inLanguage":"es","@id":"https:\/\/montanasurf.org\/giving-f-a-q-s\/#primaryimage","url":"https:\/\/montanasurf.org\/wp-content\/uploads\/2022\/10\/YKOC-090422-6828-scaled.jpg","contentUrl":"https:\/\/montanasurf.org\/wp-content\/uploads\/2022\/10\/YKOC-090422-6828-scaled.jpg","width":2560,"height":1707},{"@type":"BreadcrumbList","@id":"https:\/\/montanasurf.org\/giving-f-a-q-s\/#breadcrumb","itemListElement":[{"@type":"ListItem","position":1,"name":"Home","item":"https:\/\/montanasurf.org\/"},{"@type":"ListItem","position":2,"name":"Giving F.A.Q.s"}]},{"@type":"WebSite","@id":"https:\/\/montanasurf.org\/#website","url":"https:\/\/montanasurf.org\/","name":"Club de f\u00fatbol Montana Surf","description":"Club de f\u00fatbol Premier de Montana y #039","publisher":{"@id":"https:\/\/montanasurf.org\/#organization"},"potentialAction":[{"@type":"SearchAction","target":{"@type":"EntryPoint","urlTemplate":"https:\/\/montanasurf.org\/?s={search_term_string}"},"query-input":{"@type":"PropertyValueSpecification","valueRequired":true,"valueName":"search_term_string"}}],"inLanguage":"es"},{"@type":"Organization","@id":"https:\/\/montanasurf.org\/#organization","name":"Montana Surf Soccer","url":"https:\/\/montanasurf.org\/","logo":{"@type":"ImageObject","inLanguage":"es","@id":"https:\/\/montanasurf.org\/#\/schema\/logo\/image\/","url":"https:\/\/www.montanasurf.org\/wp-content\/uploads\/2022\/03\/montana-surf-soccer-club.png","contentUrl":"https:\/\/www.montanasurf.org\/wp-content\/uploads\/2022\/03\/montana-surf-soccer-club.png","width":89,"height":120,"caption":"Montana Surf Soccer"},"image":{"@id":"https:\/\/montanasurf.org\/#\/schema\/logo\/image\/"},"sameAs":["https:\/\/www.facebook.com\/MontanaSurfSoccer","https:\/\/www.instagram.com\/montana_surf_\/"]}]}},"_links":{"self":[{"href":"https:\/\/montanasurf.org\/es\/wp-json\/wp\/v2\/pages\/6986","targetHints":{"allow":["GET"]}}],"collection":[{"href":"https:\/\/montanasurf.org\/es\/wp-json\/wp\/v2\/pages"}],"about":[{"href":"https:\/\/montanasurf.org\/es\/wp-json\/wp\/v2\/types\/page"}],"author":[{"embeddable":true,"href":"https:\/\/montanasurf.org\/es\/wp-json\/wp\/v2\/users\/7"}],"replies":[{"embeddable":true,"href":"https:\/\/montanasurf.org\/es\/wp-json\/wp\/v2\/comments?post=6986"}],"version-history":[{"count":5,"href":"https:\/\/montanasurf.org\/es\/wp-json\/wp\/v2\/pages\/6986\/revisions"}],"predecessor-version":[{"id":8547,"href":"https:\/\/montanasurf.org\/es\/wp-json\/wp\/v2\/pages\/6986\/revisions\/8547"}],"wp:featuredmedia":[{"embeddable":true,"href":"https:\/\/montanasurf.org\/es\/wp-json\/wp\/v2\/media\/6361"}],"wp:attachment":[{"href":"https:\/\/montanasurf.org\/es\/wp-json\/wp\/v2\/media?parent=6986"}],"curies":[{"name":"wp","href":"https:\/\/api.w.org\/{rel}","templated":true}]}}