{"id":6993,"date":"2022-12-17T17:41:59","date_gmt":"2022-12-18T00:41:59","guid":{"rendered":"https:\/\/www.montanasurf.org\/?page_id=6993"},"modified":"2023-01-26T11:12:11","modified_gmt":"2023-01-26T18:12:11","slug":"the-free-soccer-initiative","status":"publish","type":"page","link":"https:\/\/montanasurf.org\/es\/the-free-soccer-initiative\/","title":{"rendered":"La iniciativa de f\u00fatbol libre"},"content":{"rendered":"<div class=\"fusion-fullwidth fullwidth-box fusion-builder-row-1 fusion-flex-container nonhundred-percent-fullwidth non-hundred-percent-height-scrolling\" style=\"--awb-border-radius-top-left:0px;--awb-border-radius-top-right:0px;--awb-border-radius-bottom-right:0px;--awb-border-radius-bottom-left:0px;--awb-flex-wrap:wrap;\" ><div class=\"fusion-builder-row fusion-row fusion-flex-align-items-flex-start fusion-flex-content-wrap\" style=\"max-width:1216.8px;margin-left: calc(-4% \/ 2 );margin-right: calc(-4% \/ 2 );\"><div class=\"fusion-layout-column fusion_builder_column fusion-builder-column-0 fusion_builder_column_1_1 1_1 fusion-flex-column\" style=\"--awb-bg-size:cover;--awb-width-large:100%;--awb-margin-top-large:0px;--awb-spacing-right-large:1.92%;--awb-margin-bottom-large:0px;--awb-spacing-left-large:1.92%;--awb-width-medium:100%;--awb-spacing-right-medium:1.92%;--awb-spacing-left-medium:1.92%;--awb-width-small:100%;--awb-spacing-right-small:1.92%;--awb-spacing-left-small:1.92%;\"><div class=\"fusion-column-wrapper fusion-flex-justify-content-flex-start fusion-content-layout-column\"><div class=\"fusion-text fusion-text-1\"><p><b>MONTANA SURF LANZA LA INICIATIVA FREE SOCCER<\/b><\/p>\n<p><i><span style=\"font-weight: 400;\">Brinda programas de f\u00fatbol, equipo y transporte gratuitos a familias de bajos ingresos\u00a0<\/span><\/i><\/p>\n<p><b>(Bozeman, MT, 30 de junio de 2022) \u2013\u00a0 <\/b><span style=\"font-weight: 400;\">Montana Surf Soccer Club se complace en anunciar el lanzamiento de The Free Soccer Initiative, un esfuerzo dise\u00f1ado para eliminar todas las barreras de entrada para los atletas j\u00f3venes. Financiado por generosos donantes de la comunidad y los esfuerzos de recaudaci\u00f3n de fondos de Montana Surf, The Free Soccer Initiative elimina las tarifas del programa para los atletas j\u00f3venes que lo necesitan y resuelve las limitaciones de transporte organizando viajes y viajes compartidos. El Cap\u00edtulo Bozeman de Montana Soccer Soles, iniciado por dos atletas de Montana Surf de 10 a\u00f1os, ofrece botines, espinilleras y otros equipos para atletas j\u00f3venes asociados con The Free Soccer Initiative.<\/span><\/p>\n<p><span style=\"font-weight: 400;\">\u201cEstamos emocionados de crear oportunidades para que m\u00e1s ni\u00f1os jueguen al f\u00fatbol\u201d, dijo la copresidenta de Montana Surf, Paige Taylor. \u201cLos beneficios para la salud mental de los deportes est\u00e1n bien documentados y estamos comprometidos a sacar a la cancha a tantos ni\u00f1os como sea posible. El transporte, el equipo y las finanzas nunca deben impedir que un ni\u00f1o juegue\u201d. ella continu\u00f3.<\/span><\/p>\n<p><span style=\"font-weight: 400;\">&quot;Estamos encantados de asociarnos con Montana Surf y The Free Soccer Initiative&quot;, dijo Ita Killeen de Bienvenidos a Gallatin Valley, una organizaci\u00f3n local sin fines de lucro que trabaja <\/span><span style=\"font-weight: 400;\">en colaboraci\u00f3n con familias migrantes para establecerse en la vida en Bozeman y navegar por los recursos disponibles en el Valle de Gallatin. <\/span><span style=\"font-weight: 400;\">\u00a0\u201cDescubrimos que los deportes juveniles son una manera maravillosa para que los ni\u00f1os hagan nuevos amigos, creen un sistema de apoyo y se sientan c\u00f3modos en sus nuevas vidas en Montana. Muchas de estas familias son de bajos ingresos y se benefician de la asistencia. Ofrecer programas, equipos y transporte gratuitos significa que los ni\u00f1os tienen oportunidades que de otro modo no estar\u00edan disponibles para ellos\u201d.\u00a0<\/span><\/p>\n<p><b>Acerca de Montana Surf<\/b><\/p>\n<p><b>montana surf<\/b><span style=\"font-weight: 400;\"> brinda experiencias y oportunidades de f\u00fatbol &quot;lo mejor de lo mejor&quot; para atletas j\u00f3venes en todo el Valle de Gallatin al proporcionar programas, eventos e instalaciones que fomentan la positividad, el esp\u00edritu deportivo, la resiliencia y la inclusi\u00f3n. <\/span><b>Montana Surf Competitivo y Academia <\/b><span style=\"font-weight: 400;\">(anteriormente Blitzz FC)<\/span> <span style=\"font-weight: 400;\">ha estado operando en Gallatin Valley durante m\u00e1s de 37 a\u00f1os y es la organizaci\u00f3n deportiva juvenil m\u00e1s grande de Bozeman. Surf fue votado como &quot;La mejor organizaci\u00f3n deportiva juvenil de Montana&quot; y &quot;El mejor equipo deportivo local de Bozeman&quot; en 2022.\u00a0\u00a0<\/span><\/p>\n<\/div><div class=\"fusion-image-element\" style=\"text-align:center;--awb-caption-title-font-family:var(--h2_typography-font-family);--awb-caption-title-font-weight:var(--h2_typography-font-weight);--awb-caption-title-font-style:var(--h2_typography-font-style);--awb-caption-title-size:var(--h2_typography-font-size);--awb-caption-title-transform:var(--h2_typography-text-transform);--awb-caption-title-line-height:var(--h2_typography-line-height);--awb-caption-title-letter-spacing:var(--h2_typography-letter-spacing);\"><span class=\"fusion-imageframe imageframe-none imageframe-1 hover-type-none\"><img decoding=\"async\" width=\"150\" height=\"126\" title=\"PREMIOS STACK MVP \u2013 FACEBOOK (1)\" src=\"https:\/\/montanasurf.org\/wp-content\/uploads\/2022\/11\/STACK-MVP-AWARDS-FACEBOOK-1.png\" data-orig-src=\"https:\/\/www.montanasurf.org\/wp-content\/uploads\/2022\/11\/STACK-MVP-AWARDS-FACEBOOK-1-150x126.png\" alt class=\"lazyload img-responsive wp-image-6589\" srcset=\"data:image\/svg+xml,%3Csvg%20xmlns%3D%27http%3A%2F%2Fwww.w3.org%2F2000%2Fsvg%27%20width%3D%27940%27%20height%3D%27788%27%20viewBox%3D%270%200%20940%20788%27%3E%3Crect%20width%3D%27940%27%20height%3D%27788%27%20fill-opacity%3D%220%22%2F%3E%3C%2Fsvg%3E\" data-srcset=\"https:\/\/montanasurf.org\/wp-content\/uploads\/2022\/11\/STACK-MVP-AWARDS-FACEBOOK-1-200x168.png 200w, https:\/\/montanasurf.org\/wp-content\/uploads\/2022\/11\/STACK-MVP-AWARDS-FACEBOOK-1-400x335.png 400w, https:\/\/montanasurf.org\/wp-content\/uploads\/2022\/11\/STACK-MVP-AWARDS-FACEBOOK-1-600x503.png 600w, https:\/\/montanasurf.org\/wp-content\/uploads\/2022\/11\/STACK-MVP-AWARDS-FACEBOOK-1-800x671.png 800w, https:\/\/montanasurf.org\/wp-content\/uploads\/2022\/11\/STACK-MVP-AWARDS-FACEBOOK-1.png 940w\" data-sizes=\"auto\" data-orig-sizes=\"(max-width: 1024px) 100vw, (max-width: 600px) 100vw, 150px\" \/><\/span><\/div><div class=\"fusion-text fusion-text-2\" style=\"--awb-content-alignment:center;\"><p>La directora t\u00e9cnica de Montana Surf Competitive Academy, Vanessa Davis, fue elegida entre m\u00e1s de 1600 nominados en todo el pa\u00eds y en todos los deportes como ganadora del premio Stack Sports MVP. Vanessa gan\u00f3 por su trabajo en la fundaci\u00f3n de The Free Soccer Initiative, haciendo que los beneficios mentales y f\u00edsicos de los deportes sean accesibles para m\u00e1s ni\u00f1os.<\/p>\n<\/div><\/div><\/div><\/div><\/div>","protected":false},"excerpt":{"rendered":"","protected":false},"author":7,"featured_media":6994,"parent":0,"menu_order":0,"comment_status":"open","ping_status":"closed","template":"","meta":{"footnotes":""},"class_list":["post-6993","page","type-page","status-publish","has-post-thumbnail","hentry"],"yoast_head":"<!-- This site is optimized with the Yoast SEO plugin v27.4 - https:\/\/yoast.com\/product\/yoast-seo-wordpress\/ -->\n<title>The Free Soccer Initiative - Montana Surf Soccer Club<\/title>\n<meta name=\"robots\" content=\"index, follow, max-snippet:-1, max-image-preview:large, max-video-preview:-1\" \/>\n<link rel=\"canonical\" href=\"https:\/\/montanasurf.org\/es\/the-free-soccer-initiative\/\" \/>\n<meta property=\"og:locale\" content=\"es_MX\" \/>\n<meta property=\"og:type\" content=\"article\" \/>\n<meta property=\"og:title\" content=\"The Free Soccer Initiative - Montana Surf Soccer Club\" \/>\n<meta property=\"og:url\" content=\"https:\/\/montanasurf.org\/es\/the-free-soccer-initiative\/\" \/>\n<meta property=\"og:site_name\" content=\"Montana Surf Soccer Club\" \/>\n<meta property=\"article:publisher\" content=\"https:\/\/www.facebook.com\/MontanaSurfSoccer\" \/>\n<meta property=\"article:modified_time\" content=\"2023-01-26T18:12:11+00:00\" \/>\n<meta property=\"og:image\" content=\"https:\/\/montanasurf.org\/wp-content\/uploads\/2022\/12\/Yellowstone-Soccer-Experience-7359.jpg\" \/>\n\t<meta property=\"og:image:width\" content=\"2048\" \/>\n\t<meta property=\"og:image:height\" content=\"1365\" \/>\n\t<meta property=\"og:image:type\" content=\"image\/jpeg\" \/>\n<meta name=\"twitter:card\" content=\"summary_large_image\" \/>\n<meta name=\"twitter:label1\" content=\"Tiempo de lectura\" \/>\n\t<meta name=\"twitter:data1\" content=\"3 minutos\" \/>\n<script type=\"application\/ld+json\" class=\"yoast-schema-graph\">{\"@context\":\"https:\\\/\\\/schema.org\",\"@graph\":[{\"@type\":\"WebPage\",\"@id\":\"https:\\\/\\\/montanasurf.org\\\/the-free-soccer-initiative\\\/\",\"url\":\"https:\\\/\\\/montanasurf.org\\\/the-free-soccer-initiative\\\/\",\"name\":\"The Free Soccer Initiative - Montana Surf Soccer Club\",\"isPartOf\":{\"@id\":\"https:\\\/\\\/montanasurf.org\\\/#website\"},\"primaryImageOfPage\":{\"@id\":\"https:\\\/\\\/montanasurf.org\\\/the-free-soccer-initiative\\\/#primaryimage\"},\"image\":{\"@id\":\"https:\\\/\\\/montanasurf.org\\\/the-free-soccer-initiative\\\/#primaryimage\"},\"thumbnailUrl\":\"https:\\\/\\\/montanasurf.org\\\/wp-content\\\/uploads\\\/2022\\\/12\\\/Yellowstone-Soccer-Experience-7359.jpg\",\"datePublished\":\"2022-12-18T00:41:59+00:00\",\"dateModified\":\"2023-01-26T18:12:11+00:00\",\"breadcrumb\":{\"@id\":\"https:\\\/\\\/montanasurf.org\\\/the-free-soccer-initiative\\\/#breadcrumb\"},\"inLanguage\":\"es\",\"potentialAction\":[{\"@type\":\"ReadAction\",\"target\":[\"https:\\\/\\\/montanasurf.org\\\/the-free-soccer-initiative\\\/\"]}]},{\"@type\":\"ImageObject\",\"inLanguage\":\"es\",\"@id\":\"https:\\\/\\\/montanasurf.org\\\/the-free-soccer-initiative\\\/#primaryimage\",\"url\":\"https:\\\/\\\/montanasurf.org\\\/wp-content\\\/uploads\\\/2022\\\/12\\\/Yellowstone-Soccer-Experience-7359.jpg\",\"contentUrl\":\"https:\\\/\\\/montanasurf.org\\\/wp-content\\\/uploads\\\/2022\\\/12\\\/Yellowstone-Soccer-Experience-7359.jpg\",\"width\":2048,\"height\":1365},{\"@type\":\"BreadcrumbList\",\"@id\":\"https:\\\/\\\/montanasurf.org\\\/the-free-soccer-initiative\\\/#breadcrumb\",\"itemListElement\":[{\"@type\":\"ListItem\",\"position\":1,\"name\":\"Home\",\"item\":\"https:\\\/\\\/montanasurf.org\\\/\"},{\"@type\":\"ListItem\",\"position\":2,\"name\":\"The Free Soccer Initiative\"}]},{\"@type\":\"WebSite\",\"@id\":\"https:\\\/\\\/montanasurf.org\\\/#website\",\"url\":\"https:\\\/\\\/montanasurf.org\\\/\",\"name\":\"Montana Surf Soccer Club\",\"description\":\"Montana&#039;s Premier Soccer Club\",\"publisher\":{\"@id\":\"https:\\\/\\\/montanasurf.org\\\/#organization\"},\"potentialAction\":[{\"@type\":\"SearchAction\",\"target\":{\"@type\":\"EntryPoint\",\"urlTemplate\":\"https:\\\/\\\/montanasurf.org\\\/?s={search_term_string}\"},\"query-input\":{\"@type\":\"PropertyValueSpecification\",\"valueRequired\":true,\"valueName\":\"search_term_string\"}}],\"inLanguage\":\"es\"},{\"@type\":\"Organization\",\"@id\":\"https:\\\/\\\/montanasurf.org\\\/#organization\",\"name\":\"Montana Surf Soccer\",\"url\":\"https:\\\/\\\/montanasurf.org\\\/\",\"logo\":{\"@type\":\"ImageObject\",\"inLanguage\":\"es\",\"@id\":\"https:\\\/\\\/montanasurf.org\\\/#\\\/schema\\\/logo\\\/image\\\/\",\"url\":\"https:\\\/\\\/www.montanasurf.org\\\/wp-content\\\/uploads\\\/2022\\\/03\\\/montana-surf-soccer-club.png\",\"contentUrl\":\"https:\\\/\\\/www.montanasurf.org\\\/wp-content\\\/uploads\\\/2022\\\/03\\\/montana-surf-soccer-club.png\",\"width\":89,\"height\":120,\"caption\":\"Montana Surf Soccer\"},\"image\":{\"@id\":\"https:\\\/\\\/montanasurf.org\\\/#\\\/schema\\\/logo\\\/image\\\/\"},\"sameAs\":[\"https:\\\/\\\/www.facebook.com\\\/MontanaSurfSoccer\",\"https:\\\/\\\/www.instagram.com\\\/montana_surf_\\\/\"]}]}<\/script>\n<!-- \/ Yoast SEO plugin. -->","yoast_head_json":{"title":"The Free Soccer Initiative - Montana Surf Soccer Club","robots":{"index":"index","follow":"follow","max-snippet":"max-snippet:-1","max-image-preview":"max-image-preview:large","max-video-preview":"max-video-preview:-1"},"canonical":"https:\/\/montanasurf.org\/es\/the-free-soccer-initiative\/","og_locale":"es_MX","og_type":"article","og_title":"The Free Soccer Initiative - Montana Surf Soccer Club","og_url":"https:\/\/montanasurf.org\/es\/the-free-soccer-initiative\/","og_site_name":"Montana Surf Soccer Club","article_publisher":"https:\/\/www.facebook.com\/MontanaSurfSoccer","article_modified_time":"2023-01-26T18:12:11+00:00","og_image":[{"width":2048,"height":1365,"url":"https:\/\/montanasurf.org\/wp-content\/uploads\/2022\/12\/Yellowstone-Soccer-Experience-7359.jpg","type":"image\/jpeg"}],"twitter_card":"summary_large_image","twitter_misc":{"Tiempo de lectura":"3 minutos"},"schema":{"@context":"https:\/\/schema.org","@graph":[{"@type":"WebPage","@id":"https:\/\/montanasurf.org\/the-free-soccer-initiative\/","url":"https:\/\/montanasurf.org\/the-free-soccer-initiative\/","name":"The Free Soccer Initiative - Montana Surf Soccer Club","isPartOf":{"@id":"https:\/\/montanasurf.org\/#website"},"primaryImageOfPage":{"@id":"https:\/\/montanasurf.org\/the-free-soccer-initiative\/#primaryimage"},"image":{"@id":"https:\/\/montanasurf.org\/the-free-soccer-initiative\/#primaryimage"},"thumbnailUrl":"https:\/\/montanasurf.org\/wp-content\/uploads\/2022\/12\/Yellowstone-Soccer-Experience-7359.jpg","datePublished":"2022-12-18T00:41:59+00:00","dateModified":"2023-01-26T18:12:11+00:00","breadcrumb":{"@id":"https:\/\/montanasurf.org\/the-free-soccer-initiative\/#breadcrumb"},"inLanguage":"es","potentialAction":[{"@type":"ReadAction","target":["https:\/\/montanasurf.org\/the-free-soccer-initiative\/"]}]},{"@type":"ImageObject","inLanguage":"es","@id":"https:\/\/montanasurf.org\/the-free-soccer-initiative\/#primaryimage","url":"https:\/\/montanasurf.org\/wp-content\/uploads\/2022\/12\/Yellowstone-Soccer-Experience-7359.jpg","contentUrl":"https:\/\/montanasurf.org\/wp-content\/uploads\/2022\/12\/Yellowstone-Soccer-Experience-7359.jpg","width":2048,"height":1365},{"@type":"BreadcrumbList","@id":"https:\/\/montanasurf.org\/the-free-soccer-initiative\/#breadcrumb","itemListElement":[{"@type":"ListItem","position":1,"name":"Home","item":"https:\/\/montanasurf.org\/"},{"@type":"ListItem","position":2,"name":"The Free Soccer Initiative"}]},{"@type":"WebSite","@id":"https:\/\/montanasurf.org\/#website","url":"https:\/\/montanasurf.org\/","name":"Club de f\u00fatbol Montana Surf","description":"Club de f\u00fatbol Premier de Montana y #039","publisher":{"@id":"https:\/\/montanasurf.org\/#organization"},"potentialAction":[{"@type":"SearchAction","target":{"@type":"EntryPoint","urlTemplate":"https:\/\/montanasurf.org\/?s={search_term_string}"},"query-input":{"@type":"PropertyValueSpecification","valueRequired":true,"valueName":"search_term_string"}}],"inLanguage":"es"},{"@type":"Organization","@id":"https:\/\/montanasurf.org\/#organization","name":"Montana Surf Soccer","url":"https:\/\/montanasurf.org\/","logo":{"@type":"ImageObject","inLanguage":"es","@id":"https:\/\/montanasurf.org\/#\/schema\/logo\/image\/","url":"https:\/\/www.montanasurf.org\/wp-content\/uploads\/2022\/03\/montana-surf-soccer-club.png","contentUrl":"https:\/\/www.montanasurf.org\/wp-content\/uploads\/2022\/03\/montana-surf-soccer-club.png","width":89,"height":120,"caption":"Montana Surf Soccer"},"image":{"@id":"https:\/\/montanasurf.org\/#\/schema\/logo\/image\/"},"sameAs":["https:\/\/www.facebook.com\/MontanaSurfSoccer","https:\/\/www.instagram.com\/montana_surf_\/"]}]}},"_links":{"self":[{"href":"https:\/\/montanasurf.org\/es\/wp-json\/wp\/v2\/pages\/6993","targetHints":{"allow":["GET"]}}],"collection":[{"href":"https:\/\/montanasurf.org\/es\/wp-json\/wp\/v2\/pages"}],"about":[{"href":"https:\/\/montanasurf.org\/es\/wp-json\/wp\/v2\/types\/page"}],"author":[{"embeddable":true,"href":"https:\/\/montanasurf.org\/es\/wp-json\/wp\/v2\/users\/7"}],"replies":[{"embeddable":true,"href":"https:\/\/montanasurf.org\/es\/wp-json\/wp\/v2\/comments?post=6993"}],"version-history":[{"count":4,"href":"https:\/\/montanasurf.org\/es\/wp-json\/wp\/v2\/pages\/6993\/revisions"}],"predecessor-version":[{"id":7001,"href":"https:\/\/montanasurf.org\/es\/wp-json\/wp\/v2\/pages\/6993\/revisions\/7001"}],"wp:featuredmedia":[{"embeddable":true,"href":"https:\/\/montanasurf.org\/es\/wp-json\/wp\/v2\/media\/6994"}],"wp:attachment":[{"href":"https:\/\/montanasurf.org\/es\/wp-json\/wp\/v2\/media?parent=6993"}],"curies":[{"name":"wp","href":"https:\/\/api.w.org\/{rel}","templated":true}]}}